{"id":3064,"date":"2023-09-15T14:36:11","date_gmt":"2023-09-15T12:36:11","guid":{"rendered":"https:\/\/bekeffyfootball.com\/?page_id=3064"},"modified":"2026-01-17T19:16:07","modified_gmt":"2026-01-17T18:16:07","slug":"rolunk","status":"publish","type":"page","link":"https:\/\/bekeffyfootball.com\/en\/rolunk\/","title":{"rendered":"About us"},"content":{"rendered":"\t\t<div data-elementor-type=\"wp-page\" data-elementor-id=\"3064\" class=\"elementor elementor-3064\">\n\t\t\t\t\t\t<section class=\"elementor-section elementor-top-section elementor-element elementor-element-0d0710b elementor-section-boxed elementor-section-height-default elementor-section-height-default\" data-id=\"0d0710b\" data-element_type=\"section\" data-settings=\"{&quot;background_background&quot;:&quot;classic&quot;,&quot;shape_divider_bottom&quot;:&quot;triangle-asymmetrical&quot;}\">\n\t\t\t\t\t\t\t<div class=\"elementor-background-overlay\"><\/div>\n\t\t\t\t\t\t<div class=\"elementor-shape elementor-shape-bottom\" data-negative=\"false\">\n\t\t\t<svg xmlns=\"http:\/\/www.w3.org\/2000\/svg\" viewBox=\"0 0 1000 100\" preserveAspectRatio=\"none\">\n\t<path class=\"elementor-shape-fill\" d=\"M738,99l262-93V0H0v5.6L738,99z\"\/>\n<\/svg>\t\t<\/div>\n\t\t\t\t\t<div class=\"elementor-container elementor-column-gap-default\">\n\t\t\t\t\t<div class=\"elementor-column elementor-col-100 elementor-top-column elementor-element elementor-element-42d43cf\" data-id=\"42d43cf\" data-element_type=\"column\">\n\t\t\t<div class=\"elementor-widget-wrap elementor-element-populated\">\n\t\t\t\t\t\t<div class=\"elementor-element elementor-element-c658558 no-margin elementor-widget elementor-widget-heading\" data-id=\"c658558\" data-element_type=\"widget\" data-widget_type=\"heading.default\">\n\t\t\t\t<div class=\"elementor-widget-container\">\n\t\t\t<h2 class=\"elementor-heading-title elementor-size-default\">About us<\/h2>\t\t<\/div>\n\t\t\t\t<\/div>\n\t\t\t\t<div class=\"elementor-element elementor-element-43f0201 elementor-widget elementor-widget-image\" data-id=\"43f0201\" data-element_type=\"widget\" data-widget_type=\"image.default\">\n\t\t\t\t<div class=\"elementor-widget-container\">\n\t\t\t\t\t\t\t\t\t\t\t\t\t<img decoding=\"async\" src=\"https:\/\/bekeffyfootball.com\/wp-content\/uploads\/elementor\/thumbs\/logo-bekeffyfootball-szoveg-nelkul-qefx23s9557dfbziwxw82b5yyj8m4uaqrc6t8x0zme.png\" title=\"logo-bekeffyfootball-szoveg-nelkul\" alt=\"\" loading=\"lazy\" \/>\t\t\t\t\t\t\t\t\t\t\t\t\t<\/div>\n\t\t\t\t<\/div>\n\t\t\t\t\t<\/div>\n\t\t<\/div>\n\t\t\t\t\t<\/div>\n\t\t<\/section>\n\t\t\t\t<section class=\"elementor-section elementor-top-section elementor-element elementor-element-43e42ee elementor-section-boxed elementor-section-height-default elementor-section-height-default\" data-id=\"43e42ee\" data-element_type=\"section\">\n\t\t\t\t\t\t<div class=\"elementor-container elementor-column-gap-default\">\n\t\t\t\t\t<div class=\"elementor-column elementor-col-100 elementor-top-column elementor-element elementor-element-417922b\" data-id=\"417922b\" data-element_type=\"column\">\n\t\t\t<div class=\"elementor-widget-wrap elementor-element-populated\">\n\t\t\t\t\t\t<div class=\"elementor-element elementor-element-a7f6a51 elementor-widget__width-initial elementor-widget elementor-widget-heading\" data-id=\"a7f6a51\" data-element_type=\"widget\" data-widget_type=\"heading.default\">\n\t\t\t\t<div class=\"elementor-widget-container\">\n\t\t\t<h1 class=\"elementor-heading-title elementor-size-medium\"><b>\nFor more than 60 years, our International Football Players Agency has been shaping careers through successful player transfers.\n<\/b><\/h1>\t\t<\/div>\n\t\t\t\t<\/div>\n\t\t\t\t<div class=\"elementor-element elementor-element-f16707b elementor-widget-divider--view-line_icon elementor-widget-divider--separator-type-pattern elementor-view-default elementor-widget-divider--element-align-center elementor-widget elementor-widget-divider\" data-id=\"f16707b\" data-element_type=\"widget\" data-widget_type=\"divider.default\">\n\t\t\t\t<div class=\"elementor-widget-container\">\n\t\t\t\t\t<div class=\"elementor-divider\" style=\"--divider-pattern-url: url(&quot;data:image\/svg+xml,%3Csvg xmlns=&#039;http:\/\/www.w3.org\/2000\/svg&#039; preserveAspectRatio=&#039;none&#039; overflow=&#039;visible&#039; height=&#039;100%&#039; viewBox=&#039;0 0 24 24&#039; fill=&#039;none&#039; stroke=&#039;black&#039; stroke-width=&#039;1&#039; stroke-linecap=&#039;square&#039; stroke-miterlimit=&#039;10&#039;%3E%3Cpath d=&#039;M0,6c6,0,0.9,11.1,6.9,11.1S18,6,24,6&#039;\/%3E%3C\/svg%3E&quot;);\">\n\t\t\t<span class=\"elementor-divider-separator\">\n\t\t\t\t\t\t\t<div class=\"elementor-icon elementor-divider__element\">\n\t\t\t\t\t<i aria-hidden=\"true\" class=\"fas fa-futbol\"><\/i><\/div>\n\t\t\t\t\t\t<\/span>\n\t\t<\/div>\n\t\t\t\t<\/div>\n\t\t\t\t<\/div>\n\t\t\t\t<div class=\"elementor-element elementor-element-76cb55d elementor-widget elementor-widget-text-editor\" data-id=\"76cb55d\" data-element_type=\"widget\" data-widget_type=\"text-editor.default\">\n\t\t\t\t<div class=\"elementor-widget-container\">\n\t\t\t\t\t\t\t<p style=\"text-align: center;\">\u00a0<\/p><h2 style=\"text-align: center;\"><span style=\"color: #800000;\"><em><strong>Hello readers , football fans and potenciel partners, <\/strong><\/em><em><strong>Welcome to Bekeffy Football Consulting one of the first football players agency established in Europe.<\/strong><\/em><\/span><\/h2><p>B<b>\u00e9keffy Football Consulting Ltd<\/b>., founded by my father, <b>Jen\u0151 B\u00e9keffy in 1968<\/b>, is a company specializing in career planning, consulting, and management in the field of professional football.<\/p><p>&#8220;<b>Our goal is to maximize every player\u2019s career potential. A manager is not just a representative, but a reliable support and trusted partner. We create a stable environment where athletes can fully focus on their performance on the field.&#8221;<\/b><\/p><p>Allow me to introduce myself a little bit. My name is\u00a0<strong>G\u00e1bor B\u00e9keffy<\/strong>.\u00a0I was born in Belgium in 1968 and have always been attached to football because of my father and his passionate involvement in the sport. To this day, I keep in touch with many of the\u00a0 famous football stars\u00a0who my father managed. These magnificent players have become very successful in their manager carreers as well and I am proud to be taking on my fathers legacy. Some of these stars include:<\/p><p><a href=\"https:\/\/bekeffyfootball.com\/wp-content\/uploads\/2023\/09\/georges_leekens_magyar_labdarugo_valogatottat_szovetsegi_kapitany.jpg\"><img fetchpriority=\"high\" decoding=\"async\" class=\"alignleft\" src=\"https:\/\/bekeffyfootball.com\/wp-content\/uploads\/2023\/09\/georges_leekens_magyar_labdarugo_valogatottat_szovetsegi_kapitany-300x166.jpg\" alt=\"\" width=\"400\" height=\"221\" \/><\/a><\/p><p><strong>Georges Leekens<\/strong>:\u00a0managed the Belgian, Tunisian, Algerian and Hungarian National Teams and he is now the head coach of the Tractor Sazi based in Tabriz. Also\u00a0coached Belgian first division teams like RSC Anderlecht, Club de Brugge, KV Mechelen, Charleroi SV&#8230;.<\/p><p><strong>Guus Hiddink<\/strong>: coached the\u00a0Dutch national team and he\u00a0is now managing the Russian team. Also managed numerous European clubs such as Real Madrid, Real Betis, Chelsea and PSV Eindhoven.<\/p><p><\/p>\t\t\t\t\t\t<\/div>\n\t\t\t\t<\/div>\n\t\t\t\t<div class=\"elementor-element elementor-element-b6165aa elementor-widget elementor-widget-text-editor\" data-id=\"b6165aa\" data-element_type=\"widget\" data-widget_type=\"text-editor.default\">\n\t\t\t\t<div class=\"elementor-widget-container\">\n\t\t\t\t\t\t\t<p><\/p><p><strong>Frank Arnesen<\/strong>: was the sporting director at PSV Eindhoven from 1994-2004. He continued in this position at Chelsea FC from 2005-2010 and Hamburger SV between 2011-2013\u00a0 after he managed PAOK Thessaloniki, RSC Anderlecht and the Feyenoord FC.<\/p><p><strong>Morten Olsen<\/strong>: was the manager of the Danish national team from 2010-2015.<\/p><p>We were able to complete the transfer of\u00a0<strong>Martin Jol<\/strong>\u00a0from ADO Den Haag to Bayern Munich. He has coached many big clubs such as Hamburger SV, AFC Ajax, Fulham FC and is currently at Al Alhy.<\/p><p><strong>Throughout 60 years of experience, we have completed over 300 notable transfers.\u00a0<\/strong><\/p><p>One of\u00a0our first deals was the transfer of Gerald Bergholtz (Pummie) from Feyenoord to Anderlecht RSC. Other stars amongst\u00a0our transfers\u00a0included Rob Rensenbrink, Arie Haan, Attila Ladinszky, Erwin Vandenbergh, Peter Ressel, Frank Arnesen, Benny Nielsen, Ronny van Poucke, Johnny Dusbaba, Tony Rombouts, Andersen Enrik, Johan Devrindt, Juan Lozano, Nico de Bree, Jan Mulder, Frank Arnesen,\u00a0Dirk Goosens,\u00a0Tony Rombouts,\u00a0Franky Vanhaecke,\u00a0Kenneth Brylle,\u00a0Jean Dockx \u00a0to\u00a0<strong>Anderlecht RSC.<\/strong><\/p><p><\/strong><\/p>\t\t\t\t\t\t<\/div>\n\t\t\t\t<\/div>\n\t\t\t\t<div class=\"elementor-element elementor-element-c40da43 elementor-widget elementor-widget-text-editor\" data-id=\"c40da43\" data-element_type=\"widget\" data-widget_type=\"text-editor.default\">\n\t\t\t\t<div class=\"elementor-widget-container\">\n\t\t\t\t\t\t\t<p style=\"text-align: right;\"><\/p><p style=\"text-align: left;\"><span style=\"font-size: 14px;\">For\u00a0<\/span><strong style=\"font-size: 14px;\">Ajax Amsterdam,\u00a0<\/strong><span style=\"font-size: 14px;\">we did more than 29 transfers: Johan Cruyff, Johnny Dusbaba, Gerald Vanenburg, Dick Helling, Karel Bonsink, Johnny Rep, Ruud Geels, Barry Hulshoff, Simon Tahamata, Ren\u00e9 Noten, Arie Haan, Walter Meeuws, Josko Gluic, Nico Jansen, Gerald Vanenburg, Theo van Duivenbode, Dick Helling, Jan Mulder, Wim Suurbier, Dick van Dijk, Gerrie M\u00fchren, Nico Rijders, Piet Schrijvers, Ruud Krol&#8230;.<\/span><\/p><p><img decoding=\"async\" class=\"alignright\" src=\"https:\/\/bekeffyfootball.com\/wp-content\/uploads\/2024\/02\/IMG_5244-300x300.jpg\" alt=\"\" width=\"300\" height=\"300\" \/><\/p><p><strong>In 1973, alongside Cor Coster, our agency played a key role in transferring Johan Cruyff from Ajax Amsterdam\u2014after nine seasons in the Eredivisie\u2014to FC Barcelona, where he spent five successful seasons before continuing his career in the United States.<\/strong><\/p><p>For\u00a0<strong>PSV Eindhoven,\u00a0<\/strong>we transfered\u00a0<strong>Guus Hiddink<\/strong>, Frank Arnesen, Jan Van Beveren, Peter Ressel, Harrie Vos, Wieste Veestra, Kenneth Brylle Larsen, Ren\u00e9 van de Kerkhofs, Kresten Bjerre, Jan van Deinsen, Munk Jensen and many more.<\/p><p style=\"text-align: left;\">For\u00a0<strong>Feyenoord Rotterdam,\u00a0<\/strong>the transfers of Jan Boskamp<strong>,<\/strong>\u00a0Gerald\u00a0vander Lem, Ren\u00e9 Notten, Peter Ressel, Wim Van Hanegem, Harrie Vos, Jopp van Daele, Theo van Duivenbode, Theo de Jorgh, Jan van Deinsen, Andr\u00e9 Vanden Ley and\u00a0Attila Ladinsky were concluded.<\/p><p><strong>In 1975,\u00a0we transferred Ernst Happel\u00a0to Club Brugge.<\/strong>\u00a0 After retiring as a player, Happel went on to become one of the greatest coaches of all time. He won the league title in four different countries.\u00a0During his career as coach, Happel worked for several clubs including Sevilla FC, Club Brugge (winning the Belgian Championship title several times) and Hamburg (1981\u20131987, German champions in 1982 and 1983, German Cup winner 1987).<\/p><p>In 2010, Mr. Endre Varga \u2013 ex managing director of Vasas FC \u2013 asked me to assist him in finding a club for a German investor for whom he previously worked. I was mainly responsible for the financial aspects of the transaction. After the 2011 acquisition of Vasas FC, I became Director of Marketing at the club.\u00a0After a year in the management of the club, I decided to take over the directing of our football agency.<\/p><p><span style=\"color: #333333; font-family: Montserrat; font-size: 20px; font-weight: 600;\">Why Choose B\u00e9keffy Football Consulting?<\/span><\/p><p data-start=\"145\" data-end=\"395\">&#8211; Hundreds of successful international football transfers and collaborations worldwide.<\/p><p data-start=\"145\" data-end=\"395\">&#8211; Over 60 years of experience in professional football at the highest level.<\/p><p data-start=\"145\" data-end=\"395\">&#8211; Comprehensive, professional sports management and player representation services for footballers.<\/p><p data-start=\"145\" data-end=\"395\">&#8211; Internationally recognised athletes trust our agency with the management of their careers.<\/p><p data-start=\"145\" data-end=\"395\">&#8211; Expert player agency services, including contract negotiations, transfers, and long-term career planning for professional footballers.<\/p><p data-start=\"145\" data-end=\"395\">&#8211; International expertise and a strong global network, ensuring the highest level of service and client satisfaction.<\/p><p data-start=\"145\" data-end=\"395\">&#8211; We are proud that world-renowned and highly respected elite athletes have chosen our agency to represent their careers.<\/p><h2><strong>In conclusion, B\u00e9keffy Football Consulting Ltd:<\/strong><\/h2><ul><li>More than <b>60 years<\/b> of experience serving professional football players.-<\/li><li>A key agency in the the world of the football.<\/li><li>A huge European network and unique international connections.\u00a0<\/li><li>Several hundred operations\/transactions worldwide.\u00a0<\/li><li>Top Belgium and Hungarian Football Players Agency<\/li><\/ul><div><h2 style=\"font-variant-ligatures: normal; font-variant-caps: normal; font-style: normal;\">Contact Us<\/h2><p style=\"font-variant-ligatures: normal; font-variant-caps: normal; font-family: Poppins; font-size: 14px; font-style: normal; font-weight: 400;\" data-start=\"145\" data-end=\"395\">If you are a professional footballer, club representative, or investor seeking football agency consultancy or representation,\u00a0<span style=\"font-family: Poppins; font-size: 14px; font-style: normal; font-variant-ligatures: normal; font-variant-caps: normal; font-weight: 400;\">please contact us with confidence \u2014 we are happy to assist you.<\/span><\/p><\/div><p><strong><em>B\u00e9keffy Football Consulting Ktf \/ Official Football Players Agency \/ Belgium and Hungarian Players Agent \/ INTERMED-BEL-00033. (registered by the Belgian and the Hungarian\u00a0 Football Association).<\/em><\/strong><\/p><p>\u00a0<\/p>\t\t\t\t\t\t<\/div>\n\t\t\t\t<\/div>\n\t\t\t\t\t<\/div>\n\t\t<\/div>\n\t\t\t\t\t<\/div>\n\t\t<\/section>\n\t\t\t\t<section class=\"elementor-section elementor-top-section elementor-element elementor-element-20148e7 elementor-hidden-desktop elementor-hidden-tablet elementor-hidden-mobile elementor-section-boxed elementor-section-height-default elementor-section-height-default\" data-id=\"20148e7\" data-element_type=\"section\">\n\t\t\t\t\t\t<div class=\"elementor-container elementor-column-gap-default\">\n\t\t\t\t\t<div class=\"elementor-column elementor-col-50 elementor-top-column elementor-element elementor-element-a04013e\" data-id=\"a04013e\" data-element_type=\"column\">\n\t\t\t<div class=\"elementor-widget-wrap elementor-element-populated\">\n\t\t\t\t\t\t<div class=\"elementor-element elementor-element-8f18cd7 elementor-widget elementor-widget-image\" data-id=\"8f18cd7\" data-element_type=\"widget\" data-widget_type=\"image.default\">\n\t\t\t\t<div class=\"elementor-widget-container\">\n\t\t\t\t\t\t\t\t\t\t\t\t\t<img decoding=\"async\" width=\"301\" height=\"359\" src=\"https:\/\/bekeffyfootball.com\/wp-content\/uploads\/2023\/09\/bekeffy_gabor.jpg\" class=\"attachment-large size-large wp-image-3200\" alt=\"\" srcset=\"https:\/\/bekeffyfootball.com\/wp-content\/uploads\/2023\/09\/bekeffy_gabor.jpg 301w, https:\/\/bekeffyfootball.com\/wp-content\/uploads\/2023\/09\/bekeffy_gabor-252x300.jpg 252w\" sizes=\"(max-width: 301px) 100vw, 301px\" \/>\t\t\t\t\t\t\t\t\t\t\t\t\t<\/div>\n\t\t\t\t<\/div>\n\t\t\t\t\t<\/div>\n\t\t<\/div>\n\t\t\t\t<div class=\"elementor-column elementor-col-50 elementor-top-column elementor-element elementor-element-d3dd831\" data-id=\"d3dd831\" data-element_type=\"column\">\n\t\t\t<div class=\"elementor-widget-wrap elementor-element-populated\">\n\t\t\t\t\t\t<div class=\"elementor-element elementor-element-1cede52 elementor-widget elementor-widget-image\" data-id=\"1cede52\" data-element_type=\"widget\" data-widget_type=\"image.default\">\n\t\t\t\t<div class=\"elementor-widget-container\">\n\t\t\t\t\t\t\t\t\t\t\t\t\t<img loading=\"lazy\" decoding=\"async\" width=\"858\" height=\"1024\" src=\"https:\/\/bekeffyfootball.com\/wp-content\/uploads\/2023\/09\/bekeffyjenomenedzser1-858x1024.jpg\" class=\"attachment-large size-large wp-image-1745\" alt=\"\" srcset=\"https:\/\/bekeffyfootball.com\/wp-content\/uploads\/2023\/09\/bekeffyjenomenedzser1-858x1024.jpg 858w, https:\/\/bekeffyfootball.com\/wp-content\/uploads\/2023\/09\/bekeffyjenomenedzser1-251x300.jpg 251w, https:\/\/bekeffyfootball.com\/wp-content\/uploads\/2023\/09\/bekeffyjenomenedzser1-768x917.jpg 768w, https:\/\/bekeffyfootball.com\/wp-content\/uploads\/2023\/09\/bekeffyjenomenedzser1-1287x1536.jpg 1287w, https:\/\/bekeffyfootball.com\/wp-content\/uploads\/2023\/09\/bekeffyjenomenedzser1-1716x2048.jpg 1716w\" sizes=\"(max-width: 858px) 100vw, 858px\" \/>\t\t\t\t\t\t\t\t\t\t\t\t\t<\/div>\n\t\t\t\t<\/div>\n\t\t\t\t\t<\/div>\n\t\t<\/div>\n\t\t\t\t\t<\/div>\n\t\t<\/section>\n\t\t\t\t<\/div>\n\t\t","protected":false},"excerpt":{"rendered":"<p>About us For more than 60 years, our International Football Players Agency has been shaping careers through successful player transfers. \u00a0 Hello readers , football fans and potenciel partners, Welcome to Bekeffy Football Consulting one of the first football players agency established in Europe. B\u00e9keffy Football Consulting Ltd., founded by my father, Jen\u0151 B\u00e9keffy in [&hellip;]<\/p>\n","protected":false},"author":1,"featured_media":0,"parent":0,"menu_order":0,"comment_status":"closed","ping_status":"closed","template":"elementor_header_footer","meta":{"ocean_post_layout":"","ocean_both_sidebars_style":"","ocean_both_sidebars_content_width":0,"ocean_both_sidebars_sidebars_width":0,"ocean_sidebar":"0","ocean_second_sidebar":"0","ocean_disable_margins":"enable","ocean_add_body_class":"","ocean_shortcode_before_top_bar":"","ocean_shortcode_after_top_bar":"","ocean_shortcode_before_header":"","ocean_shortcode_after_header":"","ocean_has_shortcode":"","ocean_shortcode_after_title":"","ocean_shortcode_before_footer_widgets":"","ocean_shortcode_after_footer_widgets":"","ocean_shortcode_before_footer_bottom":"","ocean_shortcode_after_footer_bottom":"","ocean_display_top_bar":"default","ocean_display_header":"default","ocean_header_style":"","ocean_center_header_left_menu":"0","ocean_custom_header_template":"0","ocean_custom_logo":0,"ocean_custom_retina_logo":0,"ocean_custom_logo_max_width":0,"ocean_custom_logo_tablet_max_width":0,"ocean_custom_logo_mobile_max_width":0,"ocean_custom_logo_max_height":0,"ocean_custom_logo_tablet_max_height":0,"ocean_custom_logo_mobile_max_height":0,"ocean_header_custom_menu":"0","ocean_menu_typo_font_family":"0","ocean_menu_typo_font_subset":"","ocean_menu_typo_font_size":0,"ocean_menu_typo_font_size_tablet":0,"ocean_menu_typo_font_size_mobile":0,"ocean_menu_typo_font_size_unit":"px","ocean_menu_typo_font_weight":"","ocean_menu_typo_font_weight_tablet":"","ocean_menu_typo_font_weight_mobile":"","ocean_menu_typo_transform":"","ocean_menu_typo_transform_tablet":"","ocean_menu_typo_transform_mobile":"","ocean_menu_typo_line_height":0,"ocean_menu_typo_line_height_tablet":0,"ocean_menu_typo_line_height_mobile":0,"ocean_menu_typo_line_height_unit":"","ocean_menu_typo_spacing":0,"ocean_menu_typo_spacing_tablet":0,"ocean_menu_typo_spacing_mobile":0,"ocean_menu_typo_spacing_unit":"","ocean_menu_link_color":"","ocean_menu_link_color_hover":"","ocean_menu_link_color_active":"","ocean_menu_link_background":"","ocean_menu_link_hover_background":"","ocean_menu_link_active_background":"","ocean_menu_social_links_bg":"","ocean_menu_social_hover_links_bg":"","ocean_menu_social_links_color":"","ocean_menu_social_hover_links_color":"","ocean_disable_title":"on","ocean_disable_heading":"default","ocean_post_title":"","ocean_post_subheading":"","ocean_post_title_style":"","ocean_post_title_background_color":"","ocean_post_title_background":0,"ocean_post_title_bg_image_position":"","ocean_post_title_bg_image_attachment":"","ocean_post_title_bg_image_repeat":"","ocean_post_title_bg_image_size":"","ocean_post_title_height":0,"ocean_post_title_bg_overlay":0.5,"ocean_post_title_bg_overlay_color":"","ocean_disable_breadcrumbs":"default","ocean_breadcrumbs_color":"","ocean_breadcrumbs_separator_color":"","ocean_breadcrumbs_links_color":"","ocean_breadcrumbs_links_hover_color":"","ocean_display_footer_widgets":"default","ocean_display_footer_bottom":"default","ocean_custom_footer_template":"0","footnotes":""},"class_list":["post-3064","page","type-page","status-publish","hentry","entry"],"_links":{"self":[{"href":"https:\/\/bekeffyfootball.com\/en\/wp-json\/wp\/v2\/pages\/3064","targetHints":{"allow":["GET"]}}],"collection":[{"href":"https:\/\/bekeffyfootball.com\/en\/wp-json\/wp\/v2\/pages"}],"about":[{"href":"https:\/\/bekeffyfootball.com\/en\/wp-json\/wp\/v2\/types\/page"}],"author":[{"embeddable":true,"href":"https:\/\/bekeffyfootball.com\/en\/wp-json\/wp\/v2\/users\/1"}],"replies":[{"embeddable":true,"href":"https:\/\/bekeffyfootball.com\/en\/wp-json\/wp\/v2\/comments?post=3064"}],"version-history":[{"count":510,"href":"https:\/\/bekeffyfootball.com\/en\/wp-json\/wp\/v2\/pages\/3064\/revisions"}],"predecessor-version":[{"id":13481,"href":"https:\/\/bekeffyfootball.com\/en\/wp-json\/wp\/v2\/pages\/3064\/revisions\/13481"}],"wp:attachment":[{"href":"https:\/\/bekeffyfootball.com\/en\/wp-json\/wp\/v2\/media?parent=3064"}],"curies":[{"name":"wp","href":"https:\/\/api.w.org\/{rel}","templated":true}]}}