{"id":450,"date":"2017-03-28T11:01:14","date_gmt":"2017-03-28T11:01:14","guid":{"rendered":"http:\/\/uj.bekeffyfootball.com\/?page_id=450"},"modified":"2024-01-14T12:07:58","modified_gmt":"2024-01-14T11:07:58","slug":"cegunkrol","status":"publish","type":"page","link":"https:\/\/bekeffyfootball.com\/en\/cegunkrol\/","title":{"rendered":"C\u00e9g\u00fcnkr\u0151l"},"content":{"rendered":"<h1>C\u00e9g\u00fcnkr\u0151l<\/h1>\n<p><em><strong>\u00dcdv\u00f6z\u00f6lj\u00fck a Bekeffy Football Consulting oldal\u00e1n az els\u0151 FIFA licences menedzseri iroda Europ\u00e1ban.<\/strong><\/em><\/p>\n<p><strong>B\u00e9keffy G\u00e1bor<\/strong> vagyok, belga-magyar \u00e1llampolg\u00e1r. A Br\u00fcsszeli Gazdas\u00e1gi F\u0151iskol\u00e1n, Marketing szakon v\u00e9geztem.<\/p>\n<p>Csal\u00e1dunk Waterlooban \u00e9l. J\u00e1t\u00e9kosok k\u00f6zvet\u00edt\u00e9s\u00e9vel \u00e9desap\u00e1m, <strong>B\u00e9keffy Jen\u0151<\/strong> kezdett el foglalkozni <strong>Belgiumban, 1965-ben.<\/strong><\/p>\n<p>C\u00e9g\u00fcnk vezet\u00e9s\u00e9t \u00e9desap\u00e1m ut\u00e1n vettem \u00e1t, neki k\u00f6sz\u00f6nhet\u0151en a futball vil\u00e1g\u00e1ban n\u0151ttem fel, az \u00e9vek folyam\u00e1n sok ismert klubbal \u00e9s j\u00e1t\u00e9kossal tal\u00e1lkoztam akikkel az\u00f3ta is j\u00f3 kapcsolatot \u00e1pol\u00f3k. J\u00e1t\u00e9kosaink a vil\u00e1g elit futballj\u00e1ban meghat\u00e1roz\u00f3 szerepet t\u00f6ltenek be!<\/p>\n<p><strong>Guus Hiddink <\/strong>volt a holland v\u00e1logatott vezet\u0151edz\u0151je, jelenleg a orosz v\u00e1logatottat vezeti. Sz\u00e1mos nagy klubn\u00e1l t\u00f6lt\u00f6tt hasonl\u00f3 szerepet mint a Real Madrid, Real Betis, Chelsea, PSV Eindhoven&#8230;.<\/p>\n<p><strong>Frank Arnesen<\/strong>: 1994-t\u00f6l 2004-ig a PSV Eindhoven sportigazgat\u00f3ja volt. 2005 \u00e9s 2010 k\u00f6z\u00f6tt a Chelsea-ben illetve 2011-2013 k\u00f6z\u00f6tt a Hamburger SV-ben, jelenleg a g\u00f6r\u00f6g PAOK PAE-ben t\u00f6lti be ezt a szerepet.<\/p>\n<p><strong>Morten Olsen<\/strong>: 2010-2015 k\u00f6z\u00f6tt a D\u00e1n v\u00e1logatott vezet\u0151edz\u0151je volt.<\/p>\n<p><strong>Georges Leekens<\/strong>: volta belga v\u00e1logatott vezet\u0151edz\u0151je, jelenleg a alg\u00e9riai v\u00e1logatott vezetti. Sz\u00e1mos nagy klubn\u00e1l t\u00f6lt\u00f6tt hasonl\u00f3 szerepet mint a RSC Anderlecht, Club de Brugge, KV Mechelen, Charleroi SV&#8230;<\/p>\n<p><img fetchpriority=\"high\" decoding=\"async\" style=\"float: right; margin: 0 0 20px 40px;\" src=\"http:\/\/bekeffyfootball.com\/storage\/bekeffy_jeno.jpg\" alt=\"\" width=\"190\" height=\"300\" \/><\/p>\n<p>Az <strong>FC Bayer M\u00fcnchen<\/strong> r\u00e9sz\u00e9re <strong>Martin Jolt<\/strong> igazoltuk az ADO Den Haagb\u00f3l. Martin Jol t\u00f6bb nagy klubn\u00e1l v\u00e1llalt edz\u0151k\u00e9nt szerepet, mint a Hambourg SV, AFC Ajax, Fulham FC \u00e9s jelenleg az Al Alhy vezet\u0151edz\u0151je.<\/p>\n<p><strong>A klubok sz\u00e1m\u00e1ra c\u00e9g\u00fcnk k\u00f6zrem\u0171k\u00f6d\u00e9se mindig is garanci\u00e1t jelentett, partnereink k\u00f6z\u00f6tt tudhatunk olyan klubokat, mint ak\u00e1r a Barcelona, Anderlecht vagy az Ajax Amsterdam.<\/strong><\/p>\n<p><strong>A Bekeffy Consulting n\u00e9v a futball vil\u00e1g\u00e1ban sok \u00e9ve fogalom, hiszen az egyetlen olyan menedzser iroda aki azzal b\u00fcszk\u00e9lkedhet, hogy egy komplett KEK gy\u0151ztes csapat 9 j\u00e1t\u00e9kos\u00e1t \u00e1ll\u00edtotta ki<\/strong>.<\/p>\n<h4><strong>A Bekeffy Football Consulting eddigi sikereir\u0151l r\u00f6viden:<\/strong><\/h4>\n<p>A kezdetekt\u0151l a mai napig t\u00f6bb mint 300 jelent\u0151s \u00e1tigazol\u00e1ssal b\u00fcszk\u00e9lkedhet\u00fcnk!<\/p>\n<p>Az els\u0151 ilyen a Royal Sporting Club Anderlecht r\u00e9sz\u00e9re t\u00f6rt\u00e9nt 1965-ben, a holland j\u00e1t\u00e9kos Gerald Bergholtz \u00fatj\u00e1t egyengett\u00fck, aki a Feyenoord Rotterdam csapat\u00e1ban akkoriban orsz\u00e1gos bajnok volt. Az ezt k\u00f6vet\u0151 \u00e9vekben m\u00e1r Anderlecht sz\u00ednekben nyert h\u00e1romszor bajnoks\u00e1got.<\/p>\n<p><strong>A k\u00f6vetkez\u0151 50 \u00e9vben sz\u00e1mos nagy eur\u00f3pai klubnak \u00e9s j\u00e1t\u00e9kosnak ny\u00fajtottunk seg\u00edts\u00e9get \u00e1tigazol\u00e1saik lebonyol\u00edt\u00e1s\u00e1ban.<\/strong><\/p>\n<p>Az <strong>RSC Anderlecht-be<\/strong> <strong>Morten Olsen<\/strong>,<strong> Frank Arnesen<\/strong>, Rob Rensenbrinket, Attila Ladinszkyt, Arie Haant, Ronny van Pouckeot, Erwin Vandenberghet illetve m\u00e9g Ruud Geels, Peter Ressel, Frank Arnesen, Benny Nielsen, Johnny Dusbaba, Tonny Rombouts, Andersen Enrik, Johan Devrindt, Juan Lozano, Nico de Bree, Jan Mulder, Dirk Goosens, Tony Rombouts, Franky Vanhaecke, Kenneth Brylle, \u00e9s Jean Dockx ker\u00fclt a seg\u00edts\u00e9g\u00fcnkkel&#8230;<\/p>\n<p>Az <strong>AFC Ajax Amsterdam<\/strong> r\u00e9sz\u00e9re 29 jelent\u0151s \u00e1tigazol\u00e1st szervezt\u00fcnk a k\u00f6vetkez\u0151knek: Johnny Dusbaba, Gerald Vanenburg,<br \/>\nDick Helling, Karel Bonsink, Johnny Rep, Ruud Geels, Barry Hulshoff, Simon Tahamata, Ren\u00e9 Noten, Arie Haan, Nico Jansen, Gerald Vanenburg, Theo van Duivenbode, Jan Mulder, Wim Suurbier, Johan Cruyff, Dick van Dijk, Gerrie M\u00fchren, Nico Rijders, Piet Schrijvers, Ruud Krol&#8230;..<\/p>\n<p><strong>Cor Costerrel mutattuk be Johan Cruyff-t az FC Barcelon\u00e1nak<\/strong>. A holland j\u00e1t\u00e9kos kilenc sikeres szezon ut\u00e1n t\u00e1vozott az els\u0151 oszt\u00e1ly\u00fa AFC Ajax Amsterdamb\u00f3l Spanyolorsz\u00e1gba.<\/p>\n<p>A <strong>PSV Eindhoven<\/strong> r\u00e9sz\u00e9re \u00e1tigazol\u00e1st szervezt\u00fcnk a k\u00f6vetkez\u0151knek: <strong>Guus Hiddink<\/strong>, Frank Arnesen, Jan Van Beveren, Peter Ressel, Harrie Vos, Wieste Veestra, Kenneth Brylle Larsen, Ren\u00e9 van de Kerkhofs, Kresten Bjerre, Jan van Deinsen, Munk Jensen&#8230;.<\/p>\n<p><img decoding=\"async\" style=\"float: right; margin: 0 0 20px 40px;\" src=\"http:\/\/bekeffyfootball.com\/storage\/befunky_bekeffy_gabor_0159159.jpg.jpg\" alt=\"\" width=\"190\" height=\"223\" \/><\/p>\n<p>A <strong>Feyenoord Rotterdam<\/strong> r\u00e9sz\u00e9re <strong>Jan Boskamp,<\/strong> Gerald vander Lem, Ren\u00e9 Notten, Peter Ressel, Wim Van Hanegem, Harrie Vos, Jopp van Daele, Theo van Duivenbode, Theo de Jorgh, Jan van Deinsen, Andr\u00e9 Vanden Ley, Attila Ladinsky igazol\u00e1s\u00e1t szervezt\u00fck.<\/p>\n<p><strong>Ernst Happelt<\/strong> a futball vil\u00e1g egyik legsikeresebb \u00e9s legeredm\u00e9nyesebb edz\u0151j\u00e9t igazoltuk le a <strong>Club de Bruggehez<\/strong>. Ernst Happen edz\u0151k\u00e9nt is kiv\u00e9telesen sikeres volt: 6 csapattal \u00f6sszesen 18 bajnoki c\u00edmet nyert Belgiumban, N\u00e9metorsz\u00e1gban, Hollandi\u00e1ban \u00e9s Ausztri\u00e1ban. K\u00e9t k\u00fcl\u00f6nb\u00f6z\u0151 klubbal nyerte meg a Bajnokcsapatok Eur\u00f3pa Kup\u00e1j\u00e1t. Holland sz\u00f6vets\u00e9gi kapit\u00e1nyk\u00e9nt vil\u00e1gbajnoki m\u00e1sodik helyez\u00e9st \u00e9rt el.<\/p>\n<p>2015-ben igazoltuk <strong>Kelemen D\u00e1vidot<\/strong>, az MTK bels\u0151 ved\u0151j\u00e9t \u00e9s U21 csapatkapit\u00e1nyt az <span class=\"kxbc\">Izraeli els\u0151 oszt\u00e1ly\u00fa trad\u00edcion\u00e1lis labdar\u00fag\u00f3 csapatathoz, a <\/span><strong>Hapoel Tel Aviv FC-hez<\/strong>.<\/p>\n<p><strong><em>Tud\u00e1sunk \u00e9s tapasztalatunk biztos\u00edtja, hogy \u00d6n is el\u00e9gedett legyen a szolg\u00e1ltat\u00e1sainkkal.<\/em><\/strong><br \/>\n<em><strong>Ha \u00f6n hivat\u00e1sos labdar\u00fag\u00f3, klub k\u00e9pvisel\u0151je vagy befektet\u0151, aki tan\u00e1csot vagy k\u00e9pviseletet keres, k\u00e9rem keressen meg minket. \u00f6r\u00f6mmel \u00e1llunk rendelkez\u00e9s\u00e9re.<\/strong><\/em><\/p>\n<p><em><strong>J\u00e1t\u00e9kos-\u00fcgyn\u00f6gs\u00e9g menedzseri irod\u00e1nknak hivatalos licencsz\u00e1ma: INTERMED-BEL-00033. (registered by the Belgian Football Association).<\/strong><\/em><\/p>\n","protected":false},"excerpt":{"rendered":"<p>C\u00e9g\u00fcnkr\u0151l \u00dcdv\u00f6z\u00f6lj\u00fck a Bekeffy Football Consulting oldal\u00e1n az els\u0151 FIFA licences menedzseri iroda Europ\u00e1ban. B\u00e9keffy G\u00e1bor vagyok, belga-magyar \u00e1llampolg\u00e1r. A Br\u00fcsszeli Gazdas\u00e1gi F\u0151iskol\u00e1n, Marketing szakon v\u00e9geztem. Csal\u00e1dunk Waterlooban \u00e9l. J\u00e1t\u00e9kosok k\u00f6zvet\u00edt\u00e9s\u00e9vel \u00e9desap\u00e1m, B\u00e9keffy Jen\u0151 kezdett el foglalkozni Belgiumban, 1965-ben. C\u00e9g\u00fcnk vezet\u00e9s\u00e9t \u00e9desap\u00e1m ut\u00e1n vettem \u00e1t, neki k\u00f6sz\u00f6nhet\u0151en a futball vil\u00e1g\u00e1ban n\u0151ttem fel, az \u00e9vek folyam\u00e1n [&hellip;]<\/p>\n","protected":false},"author":1,"featured_media":0,"parent":0,"menu_order":2,"comment_status":"closed","ping_status":"closed","template":"","meta":{"ocean_post_layout":"","ocean_both_sidebars_style":"","ocean_both_sidebars_content_width":0,"ocean_both_sidebars_sidebars_width":0,"ocean_sidebar":"","ocean_second_sidebar":"","ocean_disable_margins":"enable","ocean_add_body_class":"","ocean_shortcode_before_top_bar":"","ocean_shortcode_after_top_bar":"","ocean_shortcode_before_header":"","ocean_shortcode_after_header":"","ocean_has_shortcode":"","ocean_shortcode_after_title":"","ocean_shortcode_before_footer_widgets":"","ocean_shortcode_after_footer_widgets":"","ocean_shortcode_before_footer_bottom":"","ocean_shortcode_after_footer_bottom":"","ocean_display_top_bar":"default","ocean_display_header":"default","ocean_header_style":"","ocean_center_header_left_menu":"","ocean_custom_header_template":"","ocean_custom_logo":0,"ocean_custom_retina_logo":0,"ocean_custom_logo_max_width":0,"ocean_custom_logo_tablet_max_width":0,"ocean_custom_logo_mobile_max_width":0,"ocean_custom_logo_max_height":0,"ocean_custom_logo_tablet_max_height":0,"ocean_custom_logo_mobile_max_height":0,"ocean_header_custom_menu":"","ocean_menu_typo_font_family":"","ocean_menu_typo_font_subset":"","ocean_menu_typo_font_size":0,"ocean_menu_typo_font_size_tablet":0,"ocean_menu_typo_font_size_mobile":0,"ocean_menu_typo_font_size_unit":"px","ocean_menu_typo_font_weight":"","ocean_menu_typo_font_weight_tablet":"","ocean_menu_typo_font_weight_mobile":"","ocean_menu_typo_transform":"","ocean_menu_typo_transform_tablet":"","ocean_menu_typo_transform_mobile":"","ocean_menu_typo_line_height":0,"ocean_menu_typo_line_height_tablet":0,"ocean_menu_typo_line_height_mobile":0,"ocean_menu_typo_line_height_unit":"","ocean_menu_typo_spacing":0,"ocean_menu_typo_spacing_tablet":0,"ocean_menu_typo_spacing_mobile":0,"ocean_menu_typo_spacing_unit":"","ocean_menu_link_color":"","ocean_menu_link_color_hover":"","ocean_menu_link_color_active":"","ocean_menu_link_background":"","ocean_menu_link_hover_background":"","ocean_menu_link_active_background":"","ocean_menu_social_links_bg":"","ocean_menu_social_hover_links_bg":"","ocean_menu_social_links_color":"","ocean_menu_social_hover_links_color":"","ocean_disable_title":"default","ocean_disable_heading":"default","ocean_post_title":"","ocean_post_subheading":"","ocean_post_title_style":"","ocean_post_title_background_color":"","ocean_post_title_background":0,"ocean_post_title_bg_image_position":"","ocean_post_title_bg_image_attachment":"","ocean_post_title_bg_image_repeat":"","ocean_post_title_bg_image_size":"","ocean_post_title_height":0,"ocean_post_title_bg_overlay":0.5,"ocean_post_title_bg_overlay_color":"","ocean_disable_breadcrumbs":"default","ocean_breadcrumbs_color":"","ocean_breadcrumbs_separator_color":"","ocean_breadcrumbs_links_color":"","ocean_breadcrumbs_links_hover_color":"","ocean_display_footer_widgets":"default","ocean_display_footer_bottom":"default","ocean_custom_footer_template":"","footnotes":""},"class_list":["post-450","page","type-page","status-publish","hentry","entry"],"_links":{"self":[{"href":"https:\/\/bekeffyfootball.com\/en\/wp-json\/wp\/v2\/pages\/450","targetHints":{"allow":["GET"]}}],"collection":[{"href":"https:\/\/bekeffyfootball.com\/en\/wp-json\/wp\/v2\/pages"}],"about":[{"href":"https:\/\/bekeffyfootball.com\/en\/wp-json\/wp\/v2\/types\/page"}],"author":[{"embeddable":true,"href":"https:\/\/bekeffyfootball.com\/en\/wp-json\/wp\/v2\/users\/1"}],"replies":[{"embeddable":true,"href":"https:\/\/bekeffyfootball.com\/en\/wp-json\/wp\/v2\/comments?post=450"}],"version-history":[{"count":0,"href":"https:\/\/bekeffyfootball.com\/en\/wp-json\/wp\/v2\/pages\/450\/revisions"}],"wp:attachment":[{"href":"https:\/\/bekeffyfootball.com\/en\/wp-json\/wp\/v2\/media?parent=450"}],"curies":[{"name":"wp","href":"https:\/\/api.w.org\/{rel}","templated":true}]}}