{"id":3064,"date":"2023-09-15T14:36:11","date_gmt":"2023-09-15T12:36:11","guid":{"rendered":"https:\/\/bekeffyfootball.com\/?page_id=3064"},"modified":"2026-01-17T19:16:07","modified_gmt":"2026-01-17T18:16:07","slug":"rolunk","status":"publish","type":"page","link":"https:\/\/bekeffyfootball.com\/fr\/rolunk\/","title":{"rendered":"Notre Agence"},"content":{"rendered":"\t\t<div data-elementor-type=\"wp-page\" data-elementor-id=\"3064\" class=\"elementor elementor-3064\">\n\t\t\t\t\t\t<section class=\"elementor-section elementor-top-section elementor-element elementor-element-0d0710b elementor-section-boxed elementor-section-height-default elementor-section-height-default\" data-id=\"0d0710b\" data-element_type=\"section\" data-settings=\"{&quot;background_background&quot;:&quot;classic&quot;,&quot;shape_divider_bottom&quot;:&quot;triangle-asymmetrical&quot;}\">\n\t\t\t\t\t\t\t<div class=\"elementor-background-overlay\"><\/div>\n\t\t\t\t\t\t<div class=\"elementor-shape elementor-shape-bottom\" data-negative=\"false\">\n\t\t\t<svg xmlns=\"http:\/\/www.w3.org\/2000\/svg\" viewBox=\"0 0 1000 100\" preserveAspectRatio=\"none\">\n\t<path class=\"elementor-shape-fill\" d=\"M738,99l262-93V0H0v5.6L738,99z\"\/>\n<\/svg>\t\t<\/div>\n\t\t\t\t\t<div class=\"elementor-container elementor-column-gap-default\">\n\t\t\t\t\t<div class=\"elementor-column elementor-col-100 elementor-top-column elementor-element elementor-element-42d43cf\" data-id=\"42d43cf\" data-element_type=\"column\">\n\t\t\t<div class=\"elementor-widget-wrap elementor-element-populated\">\n\t\t\t\t\t\t<div class=\"elementor-element elementor-element-c658558 no-margin elementor-widget elementor-widget-heading\" data-id=\"c658558\" data-element_type=\"widget\" data-widget_type=\"heading.default\">\n\t\t\t\t<div class=\"elementor-widget-container\">\n\t\t\t<h2 class=\"elementor-heading-title elementor-size-default\">Notre Agence<\/h2>\t\t<\/div>\n\t\t\t\t<\/div>\n\t\t\t\t<div class=\"elementor-element elementor-element-43f0201 elementor-widget elementor-widget-image\" data-id=\"43f0201\" data-element_type=\"widget\" data-widget_type=\"image.default\">\n\t\t\t\t<div class=\"elementor-widget-container\">\n\t\t\t\t\t\t\t\t\t\t\t\t\t<img decoding=\"async\" src=\"https:\/\/bekeffyfootball.com\/wp-content\/uploads\/elementor\/thumbs\/logo-bekeffyfootball-szoveg-nelkul-qefx23s9557dfbziwxw82b5yyj8m4uaqrc6t8x0zme.png\" title=\"logo-bekeffyfootball-szoveg-nelkul\" alt=\"\" loading=\"lazy\" \/>\t\t\t\t\t\t\t\t\t\t\t\t\t<\/div>\n\t\t\t\t<\/div>\n\t\t\t\t\t<\/div>\n\t\t<\/div>\n\t\t\t\t\t<\/div>\n\t\t<\/section>\n\t\t\t\t<section class=\"elementor-section elementor-top-section elementor-element elementor-element-43e42ee elementor-section-boxed elementor-section-height-default elementor-section-height-default\" data-id=\"43e42ee\" data-element_type=\"section\">\n\t\t\t\t\t\t<div class=\"elementor-container elementor-column-gap-default\">\n\t\t\t\t\t<div class=\"elementor-column elementor-col-100 elementor-top-column elementor-element elementor-element-417922b\" data-id=\"417922b\" data-element_type=\"column\">\n\t\t\t<div class=\"elementor-widget-wrap elementor-element-populated\">\n\t\t\t\t\t\t<div class=\"elementor-element elementor-element-a7f6a51 elementor-widget__width-initial elementor-widget elementor-widget-heading\" data-id=\"a7f6a51\" data-element_type=\"widget\" data-widget_type=\"heading.default\">\n\t\t\t\t<div class=\"elementor-widget-container\">\n\t\t\t<h1 class=\"elementor-heading-title elementor-size-medium\"><b>\n  Agence de football internationale sp\u00e9cialis\u00e9e en management et transferts de joueurs depuis plus de 60 ans\n<\/b><\/h1>\t\t<\/div>\n\t\t\t\t<\/div>\n\t\t\t\t<div class=\"elementor-element elementor-element-f16707b elementor-widget-divider--view-line_icon elementor-widget-divider--separator-type-pattern elementor-view-default elementor-widget-divider--element-align-center elementor-widget elementor-widget-divider\" data-id=\"f16707b\" data-element_type=\"widget\" data-widget_type=\"divider.default\">\n\t\t\t\t<div class=\"elementor-widget-container\">\n\t\t\t\t\t<div class=\"elementor-divider\" style=\"--divider-pattern-url: url(&quot;data:image\/svg+xml,%3Csvg xmlns=&#039;http:\/\/www.w3.org\/2000\/svg&#039; preserveAspectRatio=&#039;none&#039; overflow=&#039;visible&#039; height=&#039;100%&#039; viewBox=&#039;0 0 24 24&#039; fill=&#039;none&#039; stroke=&#039;black&#039; stroke-width=&#039;1&#039; stroke-linecap=&#039;square&#039; stroke-miterlimit=&#039;10&#039;%3E%3Cpath d=&#039;M0,6c6,0,0.9,11.1,6.9,11.1S18,6,24,6&#039;\/%3E%3C\/svg%3E&quot;);\">\n\t\t\t<span class=\"elementor-divider-separator\">\n\t\t\t\t\t\t\t<div class=\"elementor-icon elementor-divider__element\">\n\t\t\t\t\t<i aria-hidden=\"true\" class=\"fas fa-futbol\"><\/i><\/div>\n\t\t\t\t\t\t<\/span>\n\t\t<\/div>\n\t\t\t\t<\/div>\n\t\t\t\t<\/div>\n\t\t\t\t<div class=\"elementor-element elementor-element-76cb55d elementor-widget elementor-widget-text-editor\" data-id=\"76cb55d\" data-element_type=\"widget\" data-widget_type=\"text-editor.default\">\n\t\t\t\t<div class=\"elementor-widget-container\">\n\t\t\t\t\t\t\t<p style=\"text-align: center;\">\u00a0<\/p><h2 style=\"text-align: center;\"><strong><em>Bienvenue sur le site de Bekeffy Football Consulting l&rsquo;une des plus ancienne agence europ\u00e9enne de football fond\u00e9e en 1968 par Jen\u0151 B\u00e9keffy!<\/em><\/strong><\/h2><p><strong>Bonjour \u00e0 tous, joueurs,\u00a0 partenaires et fans de football.<\/strong><\/p><p><strong>B\u00e9keffy Football Consulting est une soci\u00e9t\u00e9 internationale sp\u00e9cialis\u00e9e dans la plani\ufb01cation de carri\u00e8re, de conseil et de management pour les footballeurs professionnels.\u00a0<\/strong><\/p><p><strong>Notre entreprise est l&rsquo;une\u00a0des premi\u00e9res agences de joueurs de football\u00a0en Europe.\u00a0<\/strong><strong>Nous avons plus de 60 ann\u00e9es d\u2019histoire et plus de 300 grands transferts \u00e1 notre actif !<\/strong><\/p><p>\u00ab<b> Notre objectif est de tirer le meilleur parti de la carri\u00e8re de chaque joueur. Le manager n\u2019est pas seulement un repr\u00e9sentant, mais un soutien fiable et un partenaire de confiance. Nous cr\u00e9ons un environnement stable dans lequel l\u2019athl\u00e8te peut se concentrer pleinement sur sa performance sur le terrain. \u00bb<\/b><\/p><p>D\u2019origine hongroise par mes deux parents, je suis n\u00e9 en Belgique. <strong>En 1997, j&rsquo;ai repris la direction\u00a0<\/strong><span style=\"font-family: Poppins; font-size: 14px; font-style: normal; font-variant-ligatures: normal; font-variant-caps: normal; font-weight: 400;\">notre soci\u00e9t\u00e9 de consultance<\/span><strong style=\"font-size: 14px;\">\u00a0agence de football.<\/strong><span style=\"font-size: 14px;\"> En parall\u00e8le, je me suis vu confier le poste de <\/span><strong style=\"font-size: 14px;\">directeur marketing<\/strong><span style=\"font-size: 14px;\"> pour le plus grand club de football hongrois, le <\/span><strong style=\"font-size: 14px;\">Vasas FC<\/strong><span style=\"font-size: 14px;\">.<\/span><\/p><p>Gr\u00e0ce\u00a0\u00e0 l\u2019engagement passionn\u00e9 de mon p\u00e8re, Jen\u00f6 B\u00e9keffy, j\u2019ai eu la chance de travailler avec lui. J&rsquo;ai pu\u00a0assister \u00e0 d&rsquo;innombrables matchs ainsi que de rencontrer les stars l\u00e9gendaires transf\u00e9r\u00e9s par mon p\u00e8re. Parmi ces joueurs, certains ont ensuite fait de belles carri\u00e8res en tant qu&rsquo;entra\u00eeneurs ou directeurs sportifs:<\/p><p><a href=\"https:\/\/bekeffyfootball.com\/wp-content\/uploads\/2023\/09\/georges_leekens_magyar_labdarugo_valogatottat_szovetsegi_kapitany.jpg\"><img fetchpriority=\"high\" decoding=\"async\" class=\"alignleft\" src=\"https:\/\/bekeffyfootball.com\/wp-content\/uploads\/2023\/09\/georges_leekens_magyar_labdarugo_valogatottat_szovetsegi_kapitany-300x166.jpg\" alt=\"\" width=\"400\" height=\"221\" \/><\/a><\/p><p><strong>Georges Leekens<\/strong>, notre ancien joueur du FC Bruges a \u00e9t\u00e9 le selectionneur de l&rsquo;\u00e9quipe national belge, alg\u00e9rienne, tunesienne et hongroise. Il dirige actuellement\u00a0l&rsquo;\u00e9quipe iranienne bas\u00e9 \u00e1 Tabriz, Tractor Sazi.\u00a0Nous l&rsquo;avons aussi retrouv\u00e9 sur le banc de prestigieuses \u00e9quipes comme le RSC Anderlecht, FC Bruges, FC Malines, Sporting de Charleroi&#8230;.<\/p><p><strong>Guus Hiddink<\/strong>, ancien joueur hollandais, il est devenu un entra\u00eeneur tr\u00e8s r\u00e9put\u00e9, il pr\u00e9conise le l\u00e9gendaire \u00ab football Total\u00bb n\u00e9erlandais. Il a dirig\u00e9 de nombreux clubs tels le PSV Eindhoven, le\u00a0 Valence CF, le Real Madrid, ou Chelsea, mais aussi cinq s\u00e9lections nationales en plus de celle de son pays natal. (\u00e0 deux reprises), \u00e0 savoir celles de Cor\u00e9e du Sud, d&rsquo;Australie, de Russie, de Turquie et des Pays-Bas.<\/p>\t\t\t\t\t\t<\/div>\n\t\t\t\t<\/div>\n\t\t\t\t<div class=\"elementor-element elementor-element-b6165aa elementor-widget elementor-widget-text-editor\" data-id=\"b6165aa\" data-element_type=\"widget\" data-widget_type=\"text-editor.default\">\n\t\t\t\t<div class=\"elementor-widget-container\">\n\t\t\t\t\t\t\t<p><strong style=\"font-size: 14px;\">Frank Arnesen<\/strong><span style=\"font-size: 14px;\">, ancien joueur danois, il a \u00e9t\u00e9 le directeur sportif de plusieurs grands clubs comme le PSV Eindhoeven, Tottenham Hotspur, Chelsea, Hamburger SV, Methalist Kharkiv, Grec PAOK FC, RSC Anderlecht et le Feyenoord FC.\u00a0<\/span><\/p><p><strong>Morten Olsen<\/strong>, ancien joueur danois, il a \u00e9t\u00e9 pendant 5 ans\u00a0le s\u00e9lectionneur de l&rsquo;\u00c9quipe du Danemark. Il a aussi \u00e9t\u00e9 l&rsquo;entra\u00eeneur de grandes \u00e9quipes comme le FC Cologne et\u00a0l&rsquo;Ajax d&rsquo;Amsterdam.<\/p><p>Pour le compte du\u00a0<strong>FC Bayer M\u00fcnchen<\/strong>, nous effectuerons le transfert de\u00a0<strong>Martin Jol\u00a0<\/strong>du ADO Den Haag. Il deviendra entraineur de plusieurs grands clubs europ\u00e9ens comme Hambourg SV, l&rsquo;Ajax d&rsquo;Amsterdam, Roda JC, Fulham FC et il entraine actuellement l&rsquo;\u00e9quipe D&rsquo;Al Ahly SC en Egypte.<\/p><p><strong>En 1965,\u00a0mon p\u00e9re a\u00a0d\u00e9croch\u00e9\u00a0son premier grand transfert pour le compte du tr\u00e8s c\u00e9l\u00e8bre Anderlecht Royal Sporting Club (Belgique), celui du joueur hollandais Bergholt Pummy, ancien Champion National avec le Feyenoord Rotterdam (Pays-Bas).<\/strong><\/p><p><span style=\"text-decoration: underline;\"><strong>Les ann\u00e9es suivantes, nous n\u00e9gocierons et organiserons des transferts pour le compte de nombreux grands clubs et joueurs europ\u00e9ens.<\/strong><\/span><\/p><p><img decoding=\"async\" class=\"alignright\" src=\"https:\/\/bekeffyfootball.com\/wp-content\/uploads\/2024\/02\/IMG_5244-300x300.jpg\" alt=\"\" width=\"300\" height=\"300\" \/><\/p><p><b>Pour le\u00a0Sporting d&rsquo;Anderlecht\u00a0nous effectuerons\u00a0 notamment les transferts de\u00a0<\/b><strong>Morten Olsen<\/strong>,\u00a0<strong>Frank Arnesen<\/strong>,\u00a0<b>Rob Rensenbrink<\/b>, Attila Ladinszky, <b>Arie Haan<\/b>, Ronny van Poucke, E<b>rwin Vandenbergh, Ruud Geels, Peter Ressel, <\/b>Benny Nielsen, Ronny van Poucke, Johnny Dusbaba, Tony Rombouts, Andersen Enrik, <b>Johan Devrindt<\/b>, Juhan Lozano, Nico de Bree, Jan Mulder, Dirk Goosens, Tony Rombouts, Franky Vanhaecke, <b>Kenneth Brylle<\/b>, Bergholt Pummy, Jean Dockx&#8230;<\/p><p><strong>Morten Olsen<\/strong>\u00a0sera l&rsquo;entra\u00eeneur de nationale du Danemark de 2000 \u00e1 2015 et entrainera aussi l&rsquo;AFC Ajax pendant 2 ans.\u00a0<\/p><p><strong>Frank Arnesen<\/strong>\u00a0a \u00e9t\u00e9 le directeur sportif\u00a0du PSV Eindhoven de\u00a01994 \u00e1\u00a02004, ensuite entre 2005\u00a0et 2010 il sera le directeur sportif\u00a0de Chelsea FC, de\u00a02011-2013 le directeur sportif Hamburger SV, 2015-2016\u00a0 2015\u00a0 le directeur sportif du club Grecque\u00a0 PAOK PAE en 2019 le directeur sportif de Anderlecht et actuellement il est le directeur sportif du Feyenoord Rotterdam.<\/p><p>Pour l&rsquo;\u00a0<strong>Ajax d&rsquo;Amsterdam,\u00a0<\/strong>nous ferons\u00a0 plus de 29 grands transferts, <b>Johan Cruyff,<\/b> Johnny Dusbaba, Gerald Vanenburg, Dick Helling, Karel Bonsink, <b>Johnny Rep, Ruud Geels,<\/b> Barry Hulshoff, Simon Tahamata, Ren\u00e9 Noten, <b>Arie Haan<\/b>, Nico Jansen, Theo van Duivenbode, Dick Helling, Jan Mulder, <b>Wim Suurbier,<\/b> Dick van Dijk, Gerrie M\u00fchren, Walter Meeuws, Nico Rijders, Josko Gluic, Piet Schrijvers,\u00a0<b>Ruud Krol.<\/b>&#8230;<\/p><p><strong>En\u00a01973, il transferera avec Cor Coster, le hollandais Johan Cruyff apr\u00e8s 9 saisons en premi\u00e8re division \u00e0 Ajax Amsterdam (Pays-Bas), passera en premi\u00e8re division au FC Barcelona, o\u00f9 il fera cinq saisons avant de s\u2019envoler pour les Etats-Unis.<\/strong><\/p><p>Pour le\u00a0\u00a0<strong>PSV Eindhoven<\/strong>, nous fairons les transferts de\u00a0\u00a0<strong>Guus Hiddink<\/strong>, Frank Arnesen, Jan Van Beveren, Peter Ressel, Wieste Veestra, Kenneth Brylle Larsen, <b>Ren\u00e9 van de Kerkhofs, Kresten Bjerre<\/b>, Jan van Deinsen, Munk Jensen&#8230;.<\/p><p><strong>Guus Hiddink<\/strong>\u00a0a dirig\u00e9 de nombreux clubs tels le PSV Eindhoven, le Fenerbahce, le Valence CF, le Real Madrid, ou Chelsea, mais aussi cinq s\u00e9lections nationales en plus de celle de son pays natal.<\/p><p>Pour le\u00a0\u00a0<strong>Feyenoord Rotterdam<\/strong>, nous fairons les transferts de\u00a0<strong>Jan Boskamp<\/strong>, Gerald vander Lem, Ren\u00e9 Notten, Peter Ressel, Wim Van Hanegem, Harrie Vos, Jopp van Daele, Theo van Duivenbode, Theo de Jorgh, Jan van Deinsen, Andr\u00e9 Vanden Ley, <b>Attila Ladinsky&#8230;<\/b><\/p><p><strong>En 1975, nous effectuerons aussi le transfert du l\u00e9gendaire entraineur Ernst Happel au Club de Brugge. Happel<\/strong><strong>\u00a0a gagn\u00e9 \u00e0 la fois le titre de champion et la coupe nationale aux Pays-Bas, en Belgique, en Allemagne et en Autriche, il a remport\u00e9 la <em>Coupe des champions\u00a0<\/em>\u00a0\u00e0 deux reprises avec deux clubs diff\u00e9rents, la premi\u00e8re fois en 1970 avec le Feyenoord Rotterdam, la seconde avec le Hambourg SV en 1983 et a conduit l&rsquo;\u00e9quipe des Pays-Bas\u00a0 \u00e0 la finale de la Coupe du monde de football 1978. L&rsquo;ensemble de ses victoires font qu&rsquo;il est consid\u00e9r\u00e9 comme un des meilleurs entraineurs de l&rsquo;histoire du football.<\/strong><\/p><h2 data-start=\"136\" data-end=\"162\">Pourquoi choisir B\u00e9keffy Football Consulting?<\/h2><p data-start=\"164\" data-end=\"439\"><span style=\"font-size: 14px;\">-Des centaines de transferts et de collaborations internationales r\u00e9ussis dans le monde entier.<\/span><\/p><p data-start=\"164\" data-end=\"439\"><span style=\"font-size: 14px;\">-Plus de 60 ans d\u2019exp\u00e9rience dans le football professionnel au plus haut niveau.<\/span><\/p><p data-start=\"164\" data-end=\"439\">-Des services complets et professionnels de management sportif et de repr\u00e9sentation de joueurs pour les footballeurs.<\/p><p data-start=\"164\" data-end=\"439\">-Des athl\u00e8tes reconnus au niveau international confient la gestion de leur carri\u00e8re \u00e0 notre agence.<\/p><p data-start=\"164\" data-end=\"439\">-Une expertise avanc\u00e9e en tant qu\u2019agent de joueurs : n\u00e9gociation de contrats, transferts et planification de carri\u00e8re \u00e0 long terme pour les footballeurs professionnels.<\/p><p data-start=\"164\" data-end=\"439\">-Un savoir-faire international et un r\u00e9seau mondial solide, garantissant la satisfaction et le succ\u00e8s de nos clients.<\/p><p data-start=\"164\" data-end=\"439\">-Nous sommes fiers que des sportifs d\u2019\u00e9lite, mondialement connus et reconnus, aient choisi notre agence pour les repr\u00e9senter.<\/p><h3 data-start=\"88\" data-end=\"146\">En conclusion, <strong data-start=\"107\" data-end=\"142\">B\u00e9keffy Football Consulting Ltd<\/strong>\u202f:<\/h3><ul data-start=\"148\" data-end=\"507\"><li data-start=\"148\" data-end=\"227\"><p data-start=\"150\" data-end=\"227\">Plus de <strong data-start=\"158\" data-end=\"181\">60 ans d\u2019exp\u00e9rience<\/strong> au service des footballeurs professionnels.<\/p><\/li><li data-start=\"228\" data-end=\"276\"><p data-start=\"230\" data-end=\"276\"><strong data-start=\"230\" data-end=\"247\">Un acteur cl\u00e9<\/strong> dans le monde du football.<\/p><\/li><li data-start=\"277\" data-end=\"352\"><p data-start=\"279\" data-end=\"352\"><strong data-start=\"279\" data-end=\"307\">Un vaste r\u00e9seau europ\u00e9en<\/strong> et des connexions internationales uniques.<\/p><\/li><li data-start=\"353\" data-end=\"432\"><p data-start=\"355\" data-end=\"432\"><strong data-start=\"355\" data-end=\"408\">Des centaines de transferts et op\u00e9rations r\u00e9ussis<\/strong> dans le monde entier.<\/p><\/li><li data-start=\"433\" data-end=\"507\"><p data-start=\"435\" data-end=\"507\"><strong data-start=\"435\" data-end=\"458\">Agence de r\u00e9f\u00e9rence<\/strong> pour les meilleurs joueurs belges et hongrois.<\/p><\/li><\/ul><h2>Contact<\/h2><p data-start=\"164\" data-end=\"439\"><span style=\"font-size: 14px;\">Que vous soyez footballeur professionnel, repr\u00e9sentant de club ou investisseur,\u00a0<\/span><span style=\"font-size: 14px;\">et que vous recherchiez un conseil ou une repr\u00e9sentation par une agence de football fiable,\u00a0<\/span><span style=\"font-size: 14px;\">contactez-nous en toute confiance \u2014 nous serons ravis de vous accompagner.<\/span><\/p><p><strong><em>B\u00e9keffy Football Consulting Ktf \/ INTERMED-BEL-00033. (registered by the Belgian and the Hungarian\u00a0 Football Association).<\/em><\/strong><\/p><p><strong><\/strong><\/p>\t\t\t\t\t\t<\/div>\n\t\t\t\t<\/div>\n\t\t\t\t<div class=\"elementor-element elementor-element-c40da43 elementor-widget elementor-widget-text-editor\" data-id=\"c40da43\" data-element_type=\"widget\" data-widget_type=\"text-editor.default\">\n\t\t\t\t<div class=\"elementor-widget-container\">\n\t\t\t\t\t\t\t<p style=\"text-align: right;\">\u00a0<\/p>\t\t\t\t\t\t<\/div>\n\t\t\t\t<\/div>\n\t\t\t\t\t<\/div>\n\t\t<\/div>\n\t\t\t\t\t<\/div>\n\t\t<\/section>\n\t\t\t\t<section class=\"elementor-section elementor-top-section elementor-element elementor-element-20148e7 elementor-hidden-desktop elementor-hidden-tablet elementor-hidden-mobile elementor-section-boxed elementor-section-height-default elementor-section-height-default\" data-id=\"20148e7\" data-element_type=\"section\">\n\t\t\t\t\t\t<div class=\"elementor-container elementor-column-gap-default\">\n\t\t\t\t\t<div class=\"elementor-column elementor-col-50 elementor-top-column elementor-element elementor-element-a04013e\" data-id=\"a04013e\" data-element_type=\"column\">\n\t\t\t<div class=\"elementor-widget-wrap elementor-element-populated\">\n\t\t\t\t\t\t<div class=\"elementor-element elementor-element-8f18cd7 elementor-widget elementor-widget-image\" data-id=\"8f18cd7\" data-element_type=\"widget\" data-widget_type=\"image.default\">\n\t\t\t\t<div class=\"elementor-widget-container\">\n\t\t\t\t\t\t\t\t\t\t\t\t\t<img decoding=\"async\" width=\"301\" height=\"359\" src=\"https:\/\/bekeffyfootball.com\/wp-content\/uploads\/2023\/09\/bekeffy_gabor.jpg\" class=\"attachment-large size-large wp-image-3200\" alt=\"\" srcset=\"https:\/\/bekeffyfootball.com\/wp-content\/uploads\/2023\/09\/bekeffy_gabor.jpg 301w, https:\/\/bekeffyfootball.com\/wp-content\/uploads\/2023\/09\/bekeffy_gabor-252x300.jpg 252w\" sizes=\"(max-width: 301px) 100vw, 301px\" \/>\t\t\t\t\t\t\t\t\t\t\t\t\t<\/div>\n\t\t\t\t<\/div>\n\t\t\t\t\t<\/div>\n\t\t<\/div>\n\t\t\t\t<div class=\"elementor-column elementor-col-50 elementor-top-column elementor-element elementor-element-d3dd831\" data-id=\"d3dd831\" data-element_type=\"column\">\n\t\t\t<div class=\"elementor-widget-wrap elementor-element-populated\">\n\t\t\t\t\t\t<div class=\"elementor-element elementor-element-1cede52 elementor-widget elementor-widget-image\" data-id=\"1cede52\" data-element_type=\"widget\" data-widget_type=\"image.default\">\n\t\t\t\t<div class=\"elementor-widget-container\">\n\t\t\t\t\t\t\t\t\t\t\t\t\t<img loading=\"lazy\" decoding=\"async\" width=\"858\" height=\"1024\" src=\"https:\/\/bekeffyfootball.com\/wp-content\/uploads\/2023\/09\/bekeffyjenomenedzser1-858x1024.jpg\" class=\"attachment-large size-large wp-image-1745\" alt=\"\" srcset=\"https:\/\/bekeffyfootball.com\/wp-content\/uploads\/2023\/09\/bekeffyjenomenedzser1-858x1024.jpg 858w, https:\/\/bekeffyfootball.com\/wp-content\/uploads\/2023\/09\/bekeffyjenomenedzser1-251x300.jpg 251w, https:\/\/bekeffyfootball.com\/wp-content\/uploads\/2023\/09\/bekeffyjenomenedzser1-768x917.jpg 768w, https:\/\/bekeffyfootball.com\/wp-content\/uploads\/2023\/09\/bekeffyjenomenedzser1-1287x1536.jpg 1287w, https:\/\/bekeffyfootball.com\/wp-content\/uploads\/2023\/09\/bekeffyjenomenedzser1-1716x2048.jpg 1716w\" sizes=\"(max-width: 858px) 100vw, 858px\" \/>\t\t\t\t\t\t\t\t\t\t\t\t\t<\/div>\n\t\t\t\t<\/div>\n\t\t\t\t\t<\/div>\n\t\t<\/div>\n\t\t\t\t\t<\/div>\n\t\t<\/section>\n\t\t\t\t<\/div>\n\t\t","protected":false},"excerpt":{"rendered":"<p>Notre Agence Agence de football internationale sp\u00e9cialis\u00e9e en management et transferts de joueurs depuis plus de 60 ans \u00a0 Bienvenue sur le site de Bekeffy Football Consulting l&rsquo;une des plus ancienne agence europ\u00e9enne de football fond\u00e9e en 1968 par Jen\u0151 B\u00e9keffy! Bonjour \u00e0 tous, joueurs,\u00a0 partenaires et fans de football. B\u00e9keffy Football Consulting est une [&hellip;]<\/p>\n","protected":false},"author":1,"featured_media":0,"parent":0,"menu_order":0,"comment_status":"closed","ping_status":"closed","template":"elementor_header_footer","meta":{"ocean_post_layout":"","ocean_both_sidebars_style":"","ocean_both_sidebars_content_width":0,"ocean_both_sidebars_sidebars_width":0,"ocean_sidebar":"0","ocean_second_sidebar":"0","ocean_disable_margins":"enable","ocean_add_body_class":"","ocean_shortcode_before_top_bar":"","ocean_shortcode_after_top_bar":"","ocean_shortcode_before_header":"","ocean_shortcode_after_header":"","ocean_has_shortcode":"","ocean_shortcode_after_title":"","ocean_shortcode_before_footer_widgets":"","ocean_shortcode_after_footer_widgets":"","ocean_shortcode_before_footer_bottom":"","ocean_shortcode_after_footer_bottom":"","ocean_display_top_bar":"default","ocean_display_header":"default","ocean_header_style":"","ocean_center_header_left_menu":"0","ocean_custom_header_template":"0","ocean_custom_logo":0,"ocean_custom_retina_logo":0,"ocean_custom_logo_max_width":0,"ocean_custom_logo_tablet_max_width":0,"ocean_custom_logo_mobile_max_width":0,"ocean_custom_logo_max_height":0,"ocean_custom_logo_tablet_max_height":0,"ocean_custom_logo_mobile_max_height":0,"ocean_header_custom_menu":"0","ocean_menu_typo_font_family":"0","ocean_menu_typo_font_subset":"","ocean_menu_typo_font_size":0,"ocean_menu_typo_font_size_tablet":0,"ocean_menu_typo_font_size_mobile":0,"ocean_menu_typo_font_size_unit":"px","ocean_menu_typo_font_weight":"","ocean_menu_typo_font_weight_tablet":"","ocean_menu_typo_font_weight_mobile":"","ocean_menu_typo_transform":"","ocean_menu_typo_transform_tablet":"","ocean_menu_typo_transform_mobile":"","ocean_menu_typo_line_height":0,"ocean_menu_typo_line_height_tablet":0,"ocean_menu_typo_line_height_mobile":0,"ocean_menu_typo_line_height_unit":"","ocean_menu_typo_spacing":0,"ocean_menu_typo_spacing_tablet":0,"ocean_menu_typo_spacing_mobile":0,"ocean_menu_typo_spacing_unit":"","ocean_menu_link_color":"","ocean_menu_link_color_hover":"","ocean_menu_link_color_active":"","ocean_menu_link_background":"","ocean_menu_link_hover_background":"","ocean_menu_link_active_background":"","ocean_menu_social_links_bg":"","ocean_menu_social_hover_links_bg":"","ocean_menu_social_links_color":"","ocean_menu_social_hover_links_color":"","ocean_disable_title":"on","ocean_disable_heading":"default","ocean_post_title":"","ocean_post_subheading":"","ocean_post_title_style":"","ocean_post_title_background_color":"","ocean_post_title_background":0,"ocean_post_title_bg_image_position":"","ocean_post_title_bg_image_attachment":"","ocean_post_title_bg_image_repeat":"","ocean_post_title_bg_image_size":"","ocean_post_title_height":0,"ocean_post_title_bg_overlay":0.5,"ocean_post_title_bg_overlay_color":"","ocean_disable_breadcrumbs":"default","ocean_breadcrumbs_color":"","ocean_breadcrumbs_separator_color":"","ocean_breadcrumbs_links_color":"","ocean_breadcrumbs_links_hover_color":"","ocean_display_footer_widgets":"default","ocean_display_footer_bottom":"default","ocean_custom_footer_template":"0","footnotes":""},"class_list":["post-3064","page","type-page","status-publish","hentry","entry"],"_links":{"self":[{"href":"https:\/\/bekeffyfootball.com\/fr\/wp-json\/wp\/v2\/pages\/3064","targetHints":{"allow":["GET"]}}],"collection":[{"href":"https:\/\/bekeffyfootball.com\/fr\/wp-json\/wp\/v2\/pages"}],"about":[{"href":"https:\/\/bekeffyfootball.com\/fr\/wp-json\/wp\/v2\/types\/page"}],"author":[{"embeddable":true,"href":"https:\/\/bekeffyfootball.com\/fr\/wp-json\/wp\/v2\/users\/1"}],"replies":[{"embeddable":true,"href":"https:\/\/bekeffyfootball.com\/fr\/wp-json\/wp\/v2\/comments?post=3064"}],"version-history":[{"count":510,"href":"https:\/\/bekeffyfootball.com\/fr\/wp-json\/wp\/v2\/pages\/3064\/revisions"}],"predecessor-version":[{"id":13481,"href":"https:\/\/bekeffyfootball.com\/fr\/wp-json\/wp\/v2\/pages\/3064\/revisions\/13481"}],"wp:attachment":[{"href":"https:\/\/bekeffyfootball.com\/fr\/wp-json\/wp\/v2\/media?parent=3064"}],"curies":[{"name":"wp","href":"https:\/\/api.w.org\/{rel}","templated":true}]}}