{"id":3556,"date":"2023-09-25T20:14:02","date_gmt":"2023-09-25T18:14:02","guid":{"rendered":"https:\/\/bekeffyfootball.com\/?page_id=3556"},"modified":"2023-09-25T23:28:49","modified_gmt":"2023-09-25T21:28:49","slug":"legendas-edzoink","status":"publish","type":"page","link":"https:\/\/bekeffyfootball.com\/fr\/legendas-edzoink\/","title":{"rendered":"Nos entraineurs l\u00e9gendaires"},"content":{"rendered":"\t\t<div data-elementor-type=\"wp-page\" data-elementor-id=\"3556\" class=\"elementor elementor-3556\">\n\t\t\t\t\t\t<section class=\"elementor-section elementor-top-section elementor-element elementor-element-c715382 elementor-section-boxed elementor-section-height-default elementor-section-height-default\" data-id=\"c715382\" data-element_type=\"section\">\n\t\t\t\t\t\t<div class=\"elementor-container elementor-column-gap-default\">\n\t\t\t\t\t<div class=\"elementor-column elementor-col-50 elementor-top-column elementor-element elementor-element-9fc12fc\" data-id=\"9fc12fc\" data-element_type=\"column\">\n\t\t\t<div class=\"elementor-widget-wrap elementor-element-populated\">\n\t\t\t\t\t\t<div class=\"elementor-element elementor-element-90a14c4 elementor-widget elementor-widget-image\" data-id=\"90a14c4\" data-element_type=\"widget\" data-widget_type=\"image.default\">\n\t\t\t\t<div class=\"elementor-widget-container\">\n\t\t\t\t\t\t\t\t\t\t\t\t\t<img fetchpriority=\"high\" decoding=\"async\" width=\"388\" height=\"551\" src=\"https:\/\/bekeffyfootball.com\/wp-content\/uploads\/2017\/05\/ernst_happel_panini_bruges_1978.png\" class=\"attachment-large size-large wp-image-1346\" alt=\"\" srcset=\"https:\/\/bekeffyfootball.com\/wp-content\/uploads\/2017\/05\/ernst_happel_panini_bruges_1978.png 388w, https:\/\/bekeffyfootball.com\/wp-content\/uploads\/2017\/05\/ernst_happel_panini_bruges_1978-211x300.png 211w\" sizes=\"(max-width: 388px) 100vw, 388px\" \/>\t\t\t\t\t\t\t\t\t\t\t\t\t<\/div>\n\t\t\t\t<\/div>\n\t\t\t\t\t<\/div>\n\t\t<\/div>\n\t\t\t\t<div class=\"elementor-column elementor-col-50 elementor-top-column elementor-element elementor-element-8e8b65f\" data-id=\"8e8b65f\" data-element_type=\"column\">\n\t\t\t<div class=\"elementor-widget-wrap elementor-element-populated\">\n\t\t\t\t\t\t<div class=\"elementor-element elementor-element-2e6de93 elementor-widget elementor-widget-heading\" data-id=\"2e6de93\" data-element_type=\"widget\" data-widget_type=\"heading.default\">\n\t\t\t\t<div class=\"elementor-widget-container\">\n\t\t\t<h2 class=\"elementor-heading-title elementor-size-default\">Ernst Happel<\/h2>\t\t<\/div>\n\t\t\t\t<\/div>\n\t\t\t\t<div class=\"elementor-element elementor-element-06f261a elementor-widget elementor-widget-text-editor\" data-id=\"06f261a\" data-element_type=\"widget\" data-widget_type=\"text-editor.default\">\n\t\t\t\t<div class=\"elementor-widget-container\">\n\t\t\t\t\t\t\t<p><\/p><p>Footballeur autrichien n\u00e9 le 29 novembre 1925 \u00e0 Vienne, mort le 14 novembre 1992 \u00e0 Innsbruck, qui \u00e9voluait au poste de d\u00e9fenseur au Rapid Vienne et en \u00e9quipe d&rsquo;Autriche.<\/p><p>Happel a marqu\u00e9 cinq buts lors de ses cinquante-et-une s\u00e9lections avec l&rsquo;\u00e9quipe d&rsquo;Autriche entre 1947 et 1958.<\/p><p>Apr\u00e8s sa carri\u00e8re de footballeur, Happel devient entra\u00eeneur.<\/p><p>Comme entra\u00eeneur il a gagn\u00e9 \u00e0 la fois le titre de champion et la coupe nationale aux Pays-Bas, en Belgique, en Allemagne et en Autriche, il a remport\u00e9 la Coupe des Champions \u00e0 deux reprises avec deux clubs diff\u00e9rents, la premi\u00e8re fois en 1970 avec le Feyenoord Rotterdam, la seconde avec le Hambourg SV en 1983 et a conduit l&rsquo;\u00e9quipe des Pays-Bas \u00e0 la finale de la Coupe du monde de football de 1978. L&rsquo;ensemble de ses victoires font qu&rsquo;il est consid\u00e9r\u00e9 comme un des meilleurs entraineurs de l&rsquo;histoire du football.<\/p><p><\/p>\t\t\t\t\t\t<\/div>\n\t\t\t\t<\/div>\n\t\t\t\t\t<\/div>\n\t\t<\/div>\n\t\t\t\t\t<\/div>\n\t\t<\/section>\n\t\t\t\t<section class=\"elementor-section elementor-top-section elementor-element elementor-element-e5115e0 elementor-section-boxed elementor-section-height-default elementor-section-height-default\" data-id=\"e5115e0\" data-element_type=\"section\" data-settings=\"{&quot;background_background&quot;:&quot;classic&quot;}\">\n\t\t\t\t\t\t<div class=\"elementor-container elementor-column-gap-default\">\n\t\t\t\t\t<div class=\"elementor-column elementor-col-50 elementor-top-column elementor-element elementor-element-ba1255b\" data-id=\"ba1255b\" data-element_type=\"column\">\n\t\t\t<div class=\"elementor-widget-wrap elementor-element-populated\">\n\t\t\t\t\t\t<div class=\"elementor-element elementor-element-496c1e2 elementor-widget elementor-widget-image\" data-id=\"496c1e2\" data-element_type=\"widget\" data-widget_type=\"image.default\">\n\t\t\t\t<div class=\"elementor-widget-container\">\n\t\t\t\t\t\t\t\t\t\t\t\t\t<img decoding=\"async\" width=\"315\" height=\"592\" src=\"https:\/\/bekeffyfootball.com\/wp-content\/uploads\/2023\/09\/01_croon_76.jpg\" class=\"attachment-large size-large wp-image-1693\" alt=\"\" srcset=\"https:\/\/bekeffyfootball.com\/wp-content\/uploads\/2023\/09\/01_croon_76.jpg 315w, https:\/\/bekeffyfootball.com\/wp-content\/uploads\/2023\/09\/01_croon_76-160x300.jpg 160w\" sizes=\"(max-width: 315px) 100vw, 315px\" \/>\t\t\t\t\t\t\t\t\t\t\t\t\t<\/div>\n\t\t\t\t<\/div>\n\t\t\t\t\t<\/div>\n\t\t<\/div>\n\t\t\t\t<div class=\"elementor-column elementor-col-50 elementor-top-column elementor-element elementor-element-b64f1c8\" data-id=\"b64f1c8\" data-element_type=\"column\">\n\t\t\t<div class=\"elementor-widget-wrap elementor-element-populated\">\n\t\t\t\t\t\t<div class=\"elementor-element elementor-element-a9108ca elementor-widget elementor-widget-heading\" data-id=\"a9108ca\" data-element_type=\"widget\" data-widget_type=\"heading.default\">\n\t\t\t\t<div class=\"elementor-widget-container\">\n\t\t\t<h2 class=\"elementor-heading-title elementor-size-default\">Hans Croon<\/h2>\t\t<\/div>\n\t\t\t\t<\/div>\n\t\t\t\t<div class=\"elementor-element elementor-element-f62039d elementor-widget elementor-widget-text-editor\" data-id=\"f62039d\" data-element_type=\"widget\" data-widget_type=\"text-editor.default\">\n\t\t\t\t<div class=\"elementor-widget-container\">\n\t\t\t\t\t\t\t<p><\/p><p>Entra\u00eeneur n\u00e9erlandais de football n\u00e9 le 25 mai 1936 en Indon\u00e9sie et mort le 5 f\u00e9vrier 1985 \u00e0 Rotterdam.<\/p><p>Il a remport\u00e9 la coupe d&rsquo;Europe des vainqueurs de Coupe en 1976 avec le RSC Anderlecht, contre West Ham United [victoire 4-2].<\/p><p>Outre Anderlecht, Croon a \u00e9t\u00e9 entra\u00eeneur aux Pays-Bas et en Belgique \u00e0 DWS Amsterdam, SVV, HVC, FC Volendam, KSV Waregem, Lierse SK et NEC Nim\u00e9gue.<\/p><p>Il est d\u00e9c\u00e9d\u00e9 le 5 f\u00e9vrier 1985 \u00e0 l&rsquo;\u00e2ge de 48 ans \u00e0 la suite d&rsquo;un accident de voiture.<\/p><p><\/p>\t\t\t\t\t\t<\/div>\n\t\t\t\t<\/div>\n\t\t\t\t\t<\/div>\n\t\t<\/div>\n\t\t\t\t\t<\/div>\n\t\t<\/section>\n\t\t\t\t<section class=\"elementor-section elementor-top-section elementor-element elementor-element-8d9bcb3 elementor-section-boxed elementor-section-height-default elementor-section-height-default\" data-id=\"8d9bcb3\" data-element_type=\"section\">\n\t\t\t\t\t\t<div class=\"elementor-container elementor-column-gap-default\">\n\t\t\t\t\t<div class=\"elementor-column elementor-col-50 elementor-top-column elementor-element elementor-element-5814afc\" data-id=\"5814afc\" data-element_type=\"column\">\n\t\t\t<div class=\"elementor-widget-wrap elementor-element-populated\">\n\t\t\t\t\t\t<div class=\"elementor-element elementor-element-bebe04d elementor-widget elementor-widget-image\" data-id=\"bebe04d\" data-element_type=\"widget\" data-widget_type=\"image.default\">\n\t\t\t\t<div class=\"elementor-widget-container\">\n\t\t\t\t\t\t\t\t\t\t\t\t\t<img fetchpriority=\"high\" decoding=\"async\" width=\"388\" height=\"551\" src=\"https:\/\/bekeffyfootball.com\/wp-content\/uploads\/2017\/05\/ernst_happel_panini_bruges_1978.png\" class=\"attachment-large size-large wp-image-1346\" alt=\"\" srcset=\"https:\/\/bekeffyfootball.com\/wp-content\/uploads\/2017\/05\/ernst_happel_panini_bruges_1978.png 388w, https:\/\/bekeffyfootball.com\/wp-content\/uploads\/2017\/05\/ernst_happel_panini_bruges_1978-211x300.png 211w\" sizes=\"(max-width: 388px) 100vw, 388px\" \/>\t\t\t\t\t\t\t\t\t\t\t\t\t<\/div>\n\t\t\t\t<\/div>\n\t\t\t\t\t<\/div>\n\t\t<\/div>\n\t\t\t\t<div class=\"elementor-column elementor-col-50 elementor-top-column elementor-element elementor-element-330f87a\" data-id=\"330f87a\" data-element_type=\"column\">\n\t\t\t<div class=\"elementor-widget-wrap elementor-element-populated\">\n\t\t\t\t\t\t<div class=\"elementor-element elementor-element-9aa08a2 elementor-widget elementor-widget-heading\" data-id=\"9aa08a2\" data-element_type=\"widget\" data-widget_type=\"heading.default\">\n\t\t\t\t<div class=\"elementor-widget-container\">\n\t\t\t<h2 class=\"elementor-heading-title elementor-size-default\">Tomislav Ivi\u0107<\/h2>\t\t<\/div>\n\t\t\t\t<\/div>\n\t\t\t\t<div class=\"elementor-element elementor-element-1bd7056 elementor-widget elementor-widget-text-editor\" data-id=\"1bd7056\" data-element_type=\"widget\" data-widget_type=\"text-editor.default\">\n\t\t\t\t<div class=\"elementor-widget-container\">\n\t\t\t\t\t\t\t\n\n[n\u00e9 le 30 juin 1933 \u00e0 Split dans le Royaume de Yougoslavie, aujourd&rsquo;hui en Croatie, et mort le 24 juin 2011 dans la m\u00eame ville] est un joueur de football devenu ensuite entra\u00eeneur de football yougoslave [Croate].\n\nAncien footballeur de talent modeste, Tomislav Ivi\u0107 devient un entra\u00eeneur \u00e0 succ\u00e8s. R\u00e9put\u00e9 s\u00e9v\u00e8re et exigeant tactiquement, notamment sur le plan d\u00e9fensif, il est connu pour la r\u00e9ussite et la long\u00e9vit\u00e9 de sa carri\u00e8re. Il dirige des \u00e9quipes de quatorze pays diff\u00e9rents, dont quatre s\u00e9lections nationales et remporte de nombreux titres (huit championnats et six coupes) dans sept pays diff\u00e9rents: Yougoslavie, Pays-Bas, Belgique. Gr\u00e9ce, Portugal, Espagne et France.\n\nhttp:\/\/www.wikiwand.com\/nl\/Tomislav_Ivi\u0107\n\n\t\t\t\t\t\t<\/div>\n\t\t\t\t<\/div>\n\t\t\t\t\t<\/div>\n\t\t<\/div>\n\t\t\t\t\t<\/div>\n\t\t<\/section>\n\t\t\t\t<\/div>\n\t\t","protected":false},"excerpt":{"rendered":"<p>Ernst Happel Footballeur autrichien n\u00e9 le 29 novembre 1925 \u00e0 Vienne, mort le 14 novembre 1992 \u00e0 Innsbruck, qui \u00e9voluait au poste de d\u00e9fenseur au Rapid Vienne et en \u00e9quipe d&rsquo;Autriche. Happel a marqu\u00e9 cinq buts lors de ses cinquante-et-une s\u00e9lections avec l&rsquo;\u00e9quipe d&rsquo;Autriche entre 1947 et 1958. Apr\u00e8s sa carri\u00e8re de footballeur, Happel devient [&hellip;]<\/p>\n","protected":false},"author":1,"featured_media":0,"parent":0,"menu_order":0,"comment_status":"closed","ping_status":"closed","template":"elementor_header_footer","meta":{"ocean_post_layout":"","ocean_both_sidebars_style":"","ocean_both_sidebars_content_width":0,"ocean_both_sidebars_sidebars_width":0,"ocean_sidebar":"0","ocean_second_sidebar":"0","ocean_disable_margins":"enable","ocean_add_body_class":"","ocean_shortcode_before_top_bar":"","ocean_shortcode_after_top_bar":"","ocean_shortcode_before_header":"","ocean_shortcode_after_header":"","ocean_has_shortcode":"","ocean_shortcode_after_title":"","ocean_shortcode_before_footer_widgets":"","ocean_shortcode_after_footer_widgets":"","ocean_shortcode_before_footer_bottom":"","ocean_shortcode_after_footer_bottom":"","ocean_display_top_bar":"default","ocean_display_header":"default","ocean_header_style":"","ocean_center_header_left_menu":"0","ocean_custom_header_template":"0","ocean_custom_logo":0,"ocean_custom_retina_logo":0,"ocean_custom_logo_max_width":0,"ocean_custom_logo_tablet_max_width":0,"ocean_custom_logo_mobile_max_width":0,"ocean_custom_logo_max_height":0,"ocean_custom_logo_tablet_max_height":0,"ocean_custom_logo_mobile_max_height":0,"ocean_header_custom_menu":"0","ocean_menu_typo_font_family":"0","ocean_menu_typo_font_subset":"","ocean_menu_typo_font_size":0,"ocean_menu_typo_font_size_tablet":0,"ocean_menu_typo_font_size_mobile":0,"ocean_menu_typo_font_size_unit":"px","ocean_menu_typo_font_weight":"","ocean_menu_typo_font_weight_tablet":"","ocean_menu_typo_font_weight_mobile":"","ocean_menu_typo_transform":"","ocean_menu_typo_transform_tablet":"","ocean_menu_typo_transform_mobile":"","ocean_menu_typo_line_height":0,"ocean_menu_typo_line_height_tablet":0,"ocean_menu_typo_line_height_mobile":0,"ocean_menu_typo_line_height_unit":"","ocean_menu_typo_spacing":0,"ocean_menu_typo_spacing_tablet":0,"ocean_menu_typo_spacing_mobile":0,"ocean_menu_typo_spacing_unit":"","ocean_menu_link_color":"","ocean_menu_link_color_hover":"","ocean_menu_link_color_active":"","ocean_menu_link_background":"","ocean_menu_link_hover_background":"","ocean_menu_link_active_background":"","ocean_menu_social_links_bg":"","ocean_menu_social_hover_links_bg":"","ocean_menu_social_links_color":"","ocean_menu_social_hover_links_color":"","ocean_disable_title":"default","ocean_disable_heading":"default","ocean_post_title":"","ocean_post_subheading":"","ocean_post_title_style":"","ocean_post_title_background_color":"","ocean_post_title_background":0,"ocean_post_title_bg_image_position":"","ocean_post_title_bg_image_attachment":"","ocean_post_title_bg_image_repeat":"","ocean_post_title_bg_image_size":"","ocean_post_title_height":0,"ocean_post_title_bg_overlay":0.5,"ocean_post_title_bg_overlay_color":"","ocean_disable_breadcrumbs":"default","ocean_breadcrumbs_color":"","ocean_breadcrumbs_separator_color":"","ocean_breadcrumbs_links_color":"","ocean_breadcrumbs_links_hover_color":"","ocean_display_footer_widgets":"default","ocean_display_footer_bottom":"default","ocean_custom_footer_template":"0","footnotes":""},"class_list":["post-3556","page","type-page","status-publish","hentry","entry"],"_links":{"self":[{"href":"https:\/\/bekeffyfootball.com\/fr\/wp-json\/wp\/v2\/pages\/3556","targetHints":{"allow":["GET"]}}],"collection":[{"href":"https:\/\/bekeffyfootball.com\/fr\/wp-json\/wp\/v2\/pages"}],"about":[{"href":"https:\/\/bekeffyfootball.com\/fr\/wp-json\/wp\/v2\/types\/page"}],"author":[{"embeddable":true,"href":"https:\/\/bekeffyfootball.com\/fr\/wp-json\/wp\/v2\/users\/1"}],"replies":[{"embeddable":true,"href":"https:\/\/bekeffyfootball.com\/fr\/wp-json\/wp\/v2\/comments?post=3556"}],"version-history":[{"count":0,"href":"https:\/\/bekeffyfootball.com\/fr\/wp-json\/wp\/v2\/pages\/3556\/revisions"}],"wp:attachment":[{"href":"https:\/\/bekeffyfootball.com\/fr\/wp-json\/wp\/v2\/media?parent=3556"}],"curies":[{"name":"wp","href":"https:\/\/api.w.org\/{rel}","templated":true}]}}