{"id":3716,"date":"2023-09-26T19:58:36","date_gmt":"2023-09-26T17:58:36","guid":{"rendered":"https:\/\/bekeffyfootball.com\/?page_id=3716"},"modified":"2026-01-06T14:39:38","modified_gmt":"2026-01-06T13:39:38","slug":"sportoloknak","status":"publish","type":"page","link":"https:\/\/bekeffyfootball.com\/fr\/sportoloknak\/","title":{"rendered":"Pour Joueurs"},"content":{"rendered":"\t\t<div data-elementor-type=\"wp-page\" data-elementor-id=\"3716\" class=\"elementor elementor-3716\">\n\t\t\t\t\t\t<section class=\"elementor-section elementor-top-section elementor-element elementor-element-82c049e elementor-section-boxed elementor-section-height-default elementor-section-height-default\" data-id=\"82c049e\" data-element_type=\"section\" data-settings=\"{&quot;background_background&quot;:&quot;classic&quot;,&quot;shape_divider_bottom&quot;:&quot;triangle-asymmetrical&quot;}\">\n\t\t\t\t\t\t\t<div class=\"elementor-background-overlay\"><\/div>\n\t\t\t\t\t\t<div class=\"elementor-shape elementor-shape-bottom\" data-negative=\"false\">\n\t\t\t<svg xmlns=\"http:\/\/www.w3.org\/2000\/svg\" viewBox=\"0 0 1000 100\" preserveAspectRatio=\"none\">\n\t<path class=\"elementor-shape-fill\" d=\"M738,99l262-93V0H0v5.6L738,99z\"\/>\n<\/svg>\t\t<\/div>\n\t\t\t\t\t<div class=\"elementor-container elementor-column-gap-default\">\n\t\t\t\t\t<div class=\"elementor-column elementor-col-100 elementor-top-column elementor-element elementor-element-d3f60c0\" data-id=\"d3f60c0\" data-element_type=\"column\">\n\t\t\t<div class=\"elementor-widget-wrap elementor-element-populated\">\n\t\t\t\t\t\t<div class=\"elementor-element elementor-element-99e16b9 elementor-widget elementor-widget-image\" data-id=\"99e16b9\" data-element_type=\"widget\" data-widget_type=\"image.default\">\n\t\t\t\t<div class=\"elementor-widget-container\">\n\t\t\t\t\t\t\t\t\t\t\t\t\t<img decoding=\"async\" src=\"https:\/\/bekeffyfootball.com\/wp-content\/uploads\/elementor\/thumbs\/logo-bekeffyfootball-szoveg-nelkul-qefx23s9557dfbziwxw82b5yyj8m4uaqrc6t8x0zme.png\" title=\"logo-bekeffyfootball-szoveg-nelkul\" alt=\"\" loading=\"lazy\" \/>\t\t\t\t\t\t\t\t\t\t\t\t\t<\/div>\n\t\t\t\t<\/div>\n\t\t\t\t<div class=\"elementor-element elementor-element-1a62f6a no-margin elementor-widget elementor-widget-heading\" data-id=\"1a62f6a\" data-element_type=\"widget\" data-widget_type=\"heading.default\">\n\t\t\t\t<div class=\"elementor-widget-container\">\n\t\t\t<h2 class=\"elementor-heading-title elementor-size-default\">Pour Les Joueurs<\/h2>\t\t<\/div>\n\t\t\t\t<\/div>\n\t\t\t\t\t<\/div>\n\t\t<\/div>\n\t\t\t\t\t<\/div>\n\t\t<\/section>\n\t\t\t\t<section class=\"elementor-section elementor-top-section elementor-element elementor-element-6dd2e2e elementor-section-boxed elementor-section-height-default elementor-section-height-default\" data-id=\"6dd2e2e\" data-element_type=\"section\">\n\t\t\t\t\t\t<div class=\"elementor-container elementor-column-gap-default\">\n\t\t\t\t\t<div class=\"elementor-column elementor-col-100 elementor-top-column elementor-element elementor-element-e9bb4a9\" data-id=\"e9bb4a9\" data-element_type=\"column\">\n\t\t\t<div class=\"elementor-widget-wrap elementor-element-populated\">\n\t\t\t\t\t\t<div class=\"elementor-element elementor-element-d1caae6 elementor-widget__width-initial elementor-widget elementor-widget-text-editor\" data-id=\"d1caae6\" data-element_type=\"widget\" data-widget_type=\"text-editor.default\">\n\t\t\t\t<div class=\"elementor-widget-container\">\n\t\t\t\t\t\t\t<h3><\/p><p><strong>B\u00e9keffy Football Consulting<\/strong> &#8211; Experts en n\u00e9gociation de transferts depuis 55 ans, n\u00e9gociation de contrats et interm\u00e9diation. Nous disposons d&rsquo;un r\u00e9seau national et international de contacts pour le d\u00e9veloppement de votre carri\u00e8re sportive. Notre soci\u00e9t\u00e9 \u00e9tudie les propositions et assiste ses joueurs lors de la signature des contrats, pour veiller au respect des accords.<\/p><p><strong>B\u00e9keffy Football Consulting<\/strong> &#8211; conseille le joueur et l\u2019aide \u00e0 prendre des choix d\u00e9cisifs pour sa vie professionnelle, mais aussi l\u2019assiste sur toutes les questions financi\u00e8res et m\u00eame sur les possibles id\u00e9es de reconversion du joueur.<\/p><p><strong>B\u00e9keffy Football Consulting<\/strong> &#8211; se charge \u00e9galement de g\u00e9rer les int\u00e9r\u00eats commerciaux de ses sportifs de hauts-niveaux et d\u2019assurer leur \u00ab promotion \u00bb. Nous maximisons et g\u00e9rons l&rsquo;exposition m\u00e9diatique et, en collaboration avec l&rsquo;\u00e9quipe commerciale, cr\u00e9ons des opportunit\u00e9s avec des marques.<\/p><p><strong>B\u00e9keffy Football Consulting<\/strong> &#8211; s\u2019affirme au coeur du football et du sport. Exp\u00e9riment\u00e9e et r\u00e9active, notre agence de football conjugue sa vision du sport autour du conseil et du management. S\u00e9rieux et professionnels, nous sommes \u00e0 l\u2019\u00e9coute de nos sportifs, nous r\u00e9pondons au mieux \u00e0 leurs attentes. Une gestion au service de votre carri\u00e8re.<\/p><p><strong>B\u00e9keffy Football Consulting<\/strong> &#8211; vous aide \u00e0 associer votre image \u00e0 travers des marques et des partenariats sportifs, en valorisant et mobilisant pour vous les meilleurs comp\u00e9tences. Nous cr\u00e9ons du contenu authentique pour fid\u00e9liser et atteindre de nouveaux publics via vos r\u00e9seaux sociaux. Nous disposons d&rsquo;une \u00e9quipe d&rsquo;experts en communication, en design graphique et en production audiovisuelle.<\/p><p><\/p>\t\t\t\t\t\t<\/div>\n\t\t\t\t<\/div>\n\t\t\t\t\t<\/div>\n\t\t<\/div>\n\t\t\t\t\t<\/div>\n\t\t<\/section>\n\t\t\t\t<\/div>\n\t\t","protected":false},"excerpt":{"rendered":"<p>Pour Les Joueurs B\u00e9keffy Football Consulting &#8211; Experts en n\u00e9gociation de transferts depuis 55 ans, n\u00e9gociation de contrats et interm\u00e9diation. Nous disposons d&rsquo;un r\u00e9seau national et international de contacts pour le d\u00e9veloppement de votre carri\u00e8re sportive. Notre soci\u00e9t\u00e9 \u00e9tudie les propositions et assiste ses joueurs lors de la signature des contrats, pour veiller au respect [&hellip;]<\/p>\n","protected":false},"author":1,"featured_media":0,"parent":0,"menu_order":0,"comment_status":"closed","ping_status":"closed","template":"elementor_header_footer","meta":{"ocean_post_layout":"","ocean_both_sidebars_style":"","ocean_both_sidebars_content_width":0,"ocean_both_sidebars_sidebars_width":0,"ocean_sidebar":"0","ocean_second_sidebar":"0","ocean_disable_margins":"enable","ocean_add_body_class":"","ocean_shortcode_before_top_bar":"","ocean_shortcode_after_top_bar":"","ocean_shortcode_before_header":"","ocean_shortcode_after_header":"","ocean_has_shortcode":"","ocean_shortcode_after_title":"","ocean_shortcode_before_footer_widgets":"","ocean_shortcode_after_footer_widgets":"","ocean_shortcode_before_footer_bottom":"","ocean_shortcode_after_footer_bottom":"","ocean_display_top_bar":"default","ocean_display_header":"default","ocean_header_style":"","ocean_center_header_left_menu":"0","ocean_custom_header_template":"0","ocean_custom_logo":0,"ocean_custom_retina_logo":0,"ocean_custom_logo_max_width":0,"ocean_custom_logo_tablet_max_width":0,"ocean_custom_logo_mobile_max_width":0,"ocean_custom_logo_max_height":0,"ocean_custom_logo_tablet_max_height":0,"ocean_custom_logo_mobile_max_height":0,"ocean_header_custom_menu":"0","ocean_menu_typo_font_family":"0","ocean_menu_typo_font_subset":"","ocean_menu_typo_font_size":0,"ocean_menu_typo_font_size_tablet":0,"ocean_menu_typo_font_size_mobile":0,"ocean_menu_typo_font_size_unit":"px","ocean_menu_typo_font_weight":"","ocean_menu_typo_font_weight_tablet":"","ocean_menu_typo_font_weight_mobile":"","ocean_menu_typo_transform":"","ocean_menu_typo_transform_tablet":"","ocean_menu_typo_transform_mobile":"","ocean_menu_typo_line_height":0,"ocean_menu_typo_line_height_tablet":0,"ocean_menu_typo_line_height_mobile":0,"ocean_menu_typo_line_height_unit":"","ocean_menu_typo_spacing":0,"ocean_menu_typo_spacing_tablet":0,"ocean_menu_typo_spacing_mobile":0,"ocean_menu_typo_spacing_unit":"","ocean_menu_link_color":"","ocean_menu_link_color_hover":"","ocean_menu_link_color_active":"","ocean_menu_link_background":"","ocean_menu_link_hover_background":"","ocean_menu_link_active_background":"","ocean_menu_social_links_bg":"","ocean_menu_social_hover_links_bg":"","ocean_menu_social_links_color":"","ocean_menu_social_hover_links_color":"","ocean_disable_title":"on","ocean_disable_heading":"default","ocean_post_title":"","ocean_post_subheading":"","ocean_post_title_style":"","ocean_post_title_background_color":"","ocean_post_title_background":0,"ocean_post_title_bg_image_position":"","ocean_post_title_bg_image_attachment":"","ocean_post_title_bg_image_repeat":"","ocean_post_title_bg_image_size":"","ocean_post_title_height":0,"ocean_post_title_bg_overlay":0.5,"ocean_post_title_bg_overlay_color":"","ocean_disable_breadcrumbs":"default","ocean_breadcrumbs_color":"","ocean_breadcrumbs_separator_color":"","ocean_breadcrumbs_links_color":"","ocean_breadcrumbs_links_hover_color":"","ocean_display_footer_widgets":"default","ocean_display_footer_bottom":"default","ocean_custom_footer_template":"0","footnotes":""},"class_list":["post-3716","page","type-page","status-publish","hentry","entry"],"_links":{"self":[{"href":"https:\/\/bekeffyfootball.com\/fr\/wp-json\/wp\/v2\/pages\/3716","targetHints":{"allow":["GET"]}}],"collection":[{"href":"https:\/\/bekeffyfootball.com\/fr\/wp-json\/wp\/v2\/pages"}],"about":[{"href":"https:\/\/bekeffyfootball.com\/fr\/wp-json\/wp\/v2\/types\/page"}],"author":[{"embeddable":true,"href":"https:\/\/bekeffyfootball.com\/fr\/wp-json\/wp\/v2\/users\/1"}],"replies":[{"embeddable":true,"href":"https:\/\/bekeffyfootball.com\/fr\/wp-json\/wp\/v2\/comments?post=3716"}],"version-history":[{"count":69,"href":"https:\/\/bekeffyfootball.com\/fr\/wp-json\/wp\/v2\/pages\/3716\/revisions"}],"predecessor-version":[{"id":13077,"href":"https:\/\/bekeffyfootball.com\/fr\/wp-json\/wp\/v2\/pages\/3716\/revisions\/13077"}],"wp:attachment":[{"href":"https:\/\/bekeffyfootball.com\/fr\/wp-json\/wp\/v2\/media?parent=3716"}],"curies":[{"name":"wp","href":"https:\/\/api.w.org\/{rel}","templated":true}]}}