{"id":3747,"date":"2023-09-26T22:46:49","date_gmt":"2023-09-26T20:46:49","guid":{"rendered":"https:\/\/bekeffyfootball.com\/?page_id=3747"},"modified":"2024-02-24T08:47:18","modified_gmt":"2024-02-24T07:47:18","slug":"befektetoknek","status":"publish","type":"page","link":"https:\/\/bekeffyfootball.com\/fr\/befektetoknek\/","title":{"rendered":"Pour Investisseurs"},"content":{"rendered":"\t\t<div data-elementor-type=\"wp-page\" data-elementor-id=\"3747\" class=\"elementor elementor-3747\">\n\t\t\t\t\t\t<section class=\"elementor-section elementor-top-section elementor-element elementor-element-82c049e elementor-section-boxed elementor-section-height-default elementor-section-height-default\" data-id=\"82c049e\" data-element_type=\"section\" data-settings=\"{&quot;background_background&quot;:&quot;classic&quot;,&quot;shape_divider_bottom&quot;:&quot;triangle-asymmetrical&quot;}\">\n\t\t\t\t\t\t\t<div class=\"elementor-background-overlay\"><\/div>\n\t\t\t\t\t\t<div class=\"elementor-shape elementor-shape-bottom\" data-negative=\"false\">\n\t\t\t<svg xmlns=\"http:\/\/www.w3.org\/2000\/svg\" viewBox=\"0 0 1000 100\" preserveAspectRatio=\"none\">\n\t<path class=\"elementor-shape-fill\" d=\"M738,99l262-93V0H0v5.6L738,99z\"\/>\n<\/svg>\t\t<\/div>\n\t\t\t\t\t<div class=\"elementor-container elementor-column-gap-default\">\n\t\t\t\t\t<div class=\"elementor-column elementor-col-100 elementor-top-column elementor-element elementor-element-d3f60c0\" data-id=\"d3f60c0\" data-element_type=\"column\">\n\t\t\t<div class=\"elementor-widget-wrap elementor-element-populated\">\n\t\t\t\t\t\t<div class=\"elementor-element elementor-element-99e16b9 elementor-widget elementor-widget-image\" data-id=\"99e16b9\" data-element_type=\"widget\" data-widget_type=\"image.default\">\n\t\t\t\t<div class=\"elementor-widget-container\">\n\t\t\t\t\t\t\t\t\t\t\t\t\t<img decoding=\"async\" src=\"https:\/\/bekeffyfootball.com\/wp-content\/uploads\/elementor\/thumbs\/logo-bekeffyfootball-szoveg-nelkul-qefx23s9557dfbziwxw82b5yyj8m4uaqrc6t8x0zme.png\" title=\"logo-bekeffyfootball-szoveg-nelkul\" alt=\"\" loading=\"lazy\" \/>\t\t\t\t\t\t\t\t\t\t\t\t\t<\/div>\n\t\t\t\t<\/div>\n\t\t\t\t<div class=\"elementor-element elementor-element-1a62f6a no-margin elementor-widget elementor-widget-heading\" data-id=\"1a62f6a\" data-element_type=\"widget\" data-widget_type=\"heading.default\">\n\t\t\t\t<div class=\"elementor-widget-container\">\n\t\t\t<h2 class=\"elementor-heading-title elementor-size-default\">Pour Investisseurs<\/h2>\t\t<\/div>\n\t\t\t\t<\/div>\n\t\t\t\t\t<\/div>\n\t\t<\/div>\n\t\t\t\t\t<\/div>\n\t\t<\/section>\n\t\t\t\t<section class=\"elementor-section elementor-top-section elementor-element elementor-element-6dd2e2e elementor-section-boxed elementor-section-height-default elementor-section-height-default\" data-id=\"6dd2e2e\" data-element_type=\"section\">\n\t\t\t\t\t\t<div class=\"elementor-container elementor-column-gap-default\">\n\t\t\t\t\t<div class=\"elementor-column elementor-col-100 elementor-top-column elementor-element elementor-element-e9bb4a9\" data-id=\"e9bb4a9\" data-element_type=\"column\">\n\t\t\t<div class=\"elementor-widget-wrap elementor-element-populated\">\n\t\t\t\t\t\t<div class=\"elementor-element elementor-element-d1caae6 elementor-widget elementor-widget-text-editor\" data-id=\"d1caae6\" data-element_type=\"widget\" data-widget_type=\"text-editor.default\">\n\t\t\t\t<div class=\"elementor-widget-container\">\n\t\t\t\t\t\t\t<p><\/p><h2><strong>Le football est un\u00a0 sport formidable et un support publicitaire remarquable. B\u00e9keffy Football Consulting est une agence qui a plus de 55 ann\u00e9es d&rsquo;exp\u00e9rience sur le march\u00e9 international du Sport. Notre soci\u00e9t\u00e9 offre aux investisseurs diverses opportunit\u00e9s de coop\u00e9ration et de d\u00e9veloppement:<\/strong><\/h2><p>\u2013 Partenariat<\/p><p>&#8211; Recherche\u00a0 de nouveaux clubs<\/p><p>&#8211; Recherche Sponsors<\/p><p>&#8211; Pr\u00e9paration de la strat\u00e9gie marketing<\/p><p>&#8211; Conseil \u00e9conomique<\/p><p>&#8211; Pr\u00e9paration d&rsquo;un business plan<\/p><h2><strong>R\u00c9F\u00c9RENCE:<\/strong><\/h2><p>Avec notre collaboration, l&rsquo;investisseur Allemand Michael Budzinski devient le nouveau propri\u00e9taire officiel de l&rsquo;un des plus grands club hongrois, le Vasas Futball Kft.<\/p><p><img fetchpriority=\"high\" decoding=\"async\" class=\"aligncenter wp-image-6476 size-full\" src=\"https:\/\/bekeffyfootball.com\/wp-content\/uploads\/2024\/02\/vasas_labdarugas_2012_13_bekeffyFootballConsulting.hu_.jpg\" alt=\"\" width=\"808\" height=\"539\" srcset=\"https:\/\/bekeffyfootball.com\/wp-content\/uploads\/2024\/02\/vasas_labdarugas_2012_13_bekeffyFootballConsulting.hu_.jpg 808w, https:\/\/bekeffyfootball.com\/wp-content\/uploads\/2024\/02\/vasas_labdarugas_2012_13_bekeffyFootballConsulting.hu_-300x200.jpg 300w, https:\/\/bekeffyfootball.com\/wp-content\/uploads\/2024\/02\/vasas_labdarugas_2012_13_bekeffyFootballConsulting.hu_-768x512.jpg 768w\" sizes=\"(max-width: 808px) 100vw, 808px\" \/><\/p><p><\/p>\t\t\t\t\t\t<\/div>\n\t\t\t\t<\/div>\n\t\t\t\t\t<\/div>\n\t\t<\/div>\n\t\t\t\t\t<\/div>\n\t\t<\/section>\n\t\t\t\t<\/div>\n\t\t","protected":false},"excerpt":{"rendered":"<p>Pour Investisseurs Le football est un\u00a0 sport formidable et un support publicitaire remarquable. B\u00e9keffy Football Consulting est une agence qui a plus de 55 ann\u00e9es d&rsquo;exp\u00e9rience sur le march\u00e9 international du Sport. Notre soci\u00e9t\u00e9 offre aux investisseurs diverses opportunit\u00e9s de coop\u00e9ration et de d\u00e9veloppement: \u2013 Partenariat &#8211; Recherche\u00a0 de nouveaux clubs &#8211; Recherche Sponsors &#8211; [&hellip;]<\/p>\n","protected":false},"author":1,"featured_media":0,"parent":0,"menu_order":0,"comment_status":"closed","ping_status":"closed","template":"elementor_header_footer","meta":{"ocean_post_layout":"","ocean_both_sidebars_style":"","ocean_both_sidebars_content_width":0,"ocean_both_sidebars_sidebars_width":0,"ocean_sidebar":"0","ocean_second_sidebar":"0","ocean_disable_margins":"enable","ocean_add_body_class":"","ocean_shortcode_before_top_bar":"","ocean_shortcode_after_top_bar":"","ocean_shortcode_before_header":"","ocean_shortcode_after_header":"","ocean_has_shortcode":"","ocean_shortcode_after_title":"","ocean_shortcode_before_footer_widgets":"","ocean_shortcode_after_footer_widgets":"","ocean_shortcode_before_footer_bottom":"","ocean_shortcode_after_footer_bottom":"","ocean_display_top_bar":"default","ocean_display_header":"default","ocean_header_style":"","ocean_center_header_left_menu":"0","ocean_custom_header_template":"0","ocean_custom_logo":0,"ocean_custom_retina_logo":0,"ocean_custom_logo_max_width":0,"ocean_custom_logo_tablet_max_width":0,"ocean_custom_logo_mobile_max_width":0,"ocean_custom_logo_max_height":0,"ocean_custom_logo_tablet_max_height":0,"ocean_custom_logo_mobile_max_height":0,"ocean_header_custom_menu":"0","ocean_menu_typo_font_family":"0","ocean_menu_typo_font_subset":"","ocean_menu_typo_font_size":0,"ocean_menu_typo_font_size_tablet":0,"ocean_menu_typo_font_size_mobile":0,"ocean_menu_typo_font_size_unit":"px","ocean_menu_typo_font_weight":"","ocean_menu_typo_font_weight_tablet":"","ocean_menu_typo_font_weight_mobile":"","ocean_menu_typo_transform":"","ocean_menu_typo_transform_tablet":"","ocean_menu_typo_transform_mobile":"","ocean_menu_typo_line_height":0,"ocean_menu_typo_line_height_tablet":0,"ocean_menu_typo_line_height_mobile":0,"ocean_menu_typo_line_height_unit":"","ocean_menu_typo_spacing":0,"ocean_menu_typo_spacing_tablet":0,"ocean_menu_typo_spacing_mobile":0,"ocean_menu_typo_spacing_unit":"","ocean_menu_link_color":"","ocean_menu_link_color_hover":"","ocean_menu_link_color_active":"","ocean_menu_link_background":"","ocean_menu_link_hover_background":"","ocean_menu_link_active_background":"","ocean_menu_social_links_bg":"","ocean_menu_social_hover_links_bg":"","ocean_menu_social_links_color":"","ocean_menu_social_hover_links_color":"","ocean_disable_title":"on","ocean_disable_heading":"default","ocean_post_title":"","ocean_post_subheading":"","ocean_post_title_style":"","ocean_post_title_background_color":"","ocean_post_title_background":0,"ocean_post_title_bg_image_position":"","ocean_post_title_bg_image_attachment":"","ocean_post_title_bg_image_repeat":"","ocean_post_title_bg_image_size":"","ocean_post_title_height":0,"ocean_post_title_bg_overlay":0.5,"ocean_post_title_bg_overlay_color":"","ocean_disable_breadcrumbs":"default","ocean_breadcrumbs_color":"","ocean_breadcrumbs_separator_color":"","ocean_breadcrumbs_links_color":"","ocean_breadcrumbs_links_hover_color":"","ocean_display_footer_widgets":"default","ocean_display_footer_bottom":"default","ocean_custom_footer_template":"0","footnotes":""},"class_list":["post-3747","page","type-page","status-publish","hentry","entry"],"_links":{"self":[{"href":"https:\/\/bekeffyfootball.com\/fr\/wp-json\/wp\/v2\/pages\/3747","targetHints":{"allow":["GET"]}}],"collection":[{"href":"https:\/\/bekeffyfootball.com\/fr\/wp-json\/wp\/v2\/pages"}],"about":[{"href":"https:\/\/bekeffyfootball.com\/fr\/wp-json\/wp\/v2\/types\/page"}],"author":[{"embeddable":true,"href":"https:\/\/bekeffyfootball.com\/fr\/wp-json\/wp\/v2\/users\/1"}],"replies":[{"embeddable":true,"href":"https:\/\/bekeffyfootball.com\/fr\/wp-json\/wp\/v2\/comments?post=3747"}],"version-history":[{"count":0,"href":"https:\/\/bekeffyfootball.com\/fr\/wp-json\/wp\/v2\/pages\/3747\/revisions"}],"wp:attachment":[{"href":"https:\/\/bekeffyfootball.com\/fr\/wp-json\/wp\/v2\/media?parent=3747"}],"curies":[{"name":"wp","href":"https:\/\/api.w.org\/{rel}","templated":true}]}}